{"id":2445,"date":"2012-08-29T19:29:06","date_gmt":"2012-08-29T19:29:06","guid":{"rendered":"http:\/\/www.ulusiada.pt\/clima\/?page_id=2445"},"modified":"2012-08-30T12:08:35","modified_gmt":"2012-08-30T12:08:35","slug":"lei-de-seguranca-britada","status":"publish","type":"page","link":"https:\/\/www.ulusiada.pt\/clima\/ius-proprium-leis-gerais\/d-dinis\/lei-de-seguranca-britada\/","title":{"rendered":"Lei de seguran\u00e7a britada"},"content":{"rendered":"<p>Lei que determina que ningu\u00e9m possa ser preso por querela de seguran\u00e7a britada at\u00e9 que seja provado.<\/p>\n","protected":false},"excerpt":{"rendered":"<p>Lei que determina que ningu\u00e9m possa ser preso por querela de seguran\u00e7a britada at\u00e9 que seja provado.<\/p>\n","protected":false},"author":1,"featured_media":0,"parent":94,"menu_order":120,"comment_status":"closed","ping_status":"open","template":"lei-page.php","meta":[],"acf":[],"_links":{"self":[{"href":"https:\/\/www.ulusiada.pt\/clima\/wp-json\/wp\/v2\/pages\/2445"}],"collection":[{"href":"https:\/\/www.ulusiada.pt\/clima\/wp-json\/wp\/v2\/pages"}],"about":[{"href":"https:\/\/www.ulusiada.pt\/clima\/wp-json\/wp\/v2\/types\/page"}],"author":[{"embeddable":true,"href":"https:\/\/www.ulusiada.pt\/clima\/wp-json\/wp\/v2\/users\/1"}],"replies":[{"embeddable":true,"href":"https:\/\/www.ulusiada.pt\/clima\/wp-json\/wp\/v2\/comments?post=2445"}],"version-history":[{"count":3,"href":"https:\/\/www.ulusiada.pt\/clima\/wp-json\/wp\/v2\/pages\/2445\/revisions"}],"predecessor-version":[{"id":2447,"href":"https:\/\/www.ulusiada.pt\/clima\/wp-json\/wp\/v2\/pages\/2445\/revisions\/2447"}],"up":[{"embeddable":true,"href":"https:\/\/www.ulusiada.pt\/clima\/wp-json\/wp\/v2\/pages\/94"}],"wp:attachment":[{"href":"https:\/\/www.ulusiada.pt\/clima\/wp-json\/wp\/v2\/media?parent=2445"}],"curies":[{"name":"wp","href":"https:\/\/api.w.org\/{rel}","templated":true}]}}