{"id":2749,"date":"2012-10-02T18:01:20","date_gmt":"2012-10-02T18:01:20","guid":{"rendered":"http:\/\/www.ulusiada.pt\/clima\/?page_id=2749"},"modified":"2013-08-16T12:40:03","modified_gmt":"2013-08-16T12:40:03","slug":"lei-contra-varios-crimes","status":"publish","type":"page","link":"https:\/\/www.ulusiada.pt\/clima\/ius-proprium-leis-gerais\/d-afonso-iii\/lei-contra-varios-crimes\/","title":{"rendered":"Lei contra v\u00e1rios crimes"},"content":{"rendered":"<p>Lei (<em>encouto<\/em>) das penas impostas \u00e0s pessoas que ofendam os fidalgos em suas casas, \u00e0queles que cortem vinhas, derrubem casas ou roubem certos animais e que determina que os viandantes possam tomar por justo pre\u00e7o os comest\u00edveis onde os donos n\u00e3o queiram vender e que proibe v\u00e1rias viol\u00eancias, nomeadamente as que atingem Mosteiros.<\/p>\n","protected":false},"excerpt":{"rendered":"<p>Lei (encouto) das penas impostas \u00e0s pessoas que ofendam os fidalgos em suas casas, \u00e0queles que cortem vinhas, derrubem casas ou roubem certos animais e que determina que os viandantes possam tomar por justo pre\u00e7o os comest\u00edveis onde os donos &hellip; <a href=\"https:\/\/www.ulusiada.pt\/clima\/ius-proprium-leis-gerais\/d-afonso-iii\/lei-contra-varios-crimes\/\">Continuar a ler <span class=\"meta-nav\">&rarr;<\/span><\/a><\/p>\n","protected":false},"author":1,"featured_media":0,"parent":91,"menu_order":2,"comment_status":"closed","ping_status":"open","template":"lei-page.php","meta":[],"acf":[],"_links":{"self":[{"href":"https:\/\/www.ulusiada.pt\/clima\/wp-json\/wp\/v2\/pages\/2749"}],"collection":[{"href":"https:\/\/www.ulusiada.pt\/clima\/wp-json\/wp\/v2\/pages"}],"about":[{"href":"https:\/\/www.ulusiada.pt\/clima\/wp-json\/wp\/v2\/types\/page"}],"author":[{"embeddable":true,"href":"https:\/\/www.ulusiada.pt\/clima\/wp-json\/wp\/v2\/users\/1"}],"replies":[{"embeddable":true,"href":"https:\/\/www.ulusiada.pt\/clima\/wp-json\/wp\/v2\/comments?post=2749"}],"version-history":[{"count":11,"href":"https:\/\/www.ulusiada.pt\/clima\/wp-json\/wp\/v2\/pages\/2749\/revisions"}],"predecessor-version":[{"id":2752,"href":"https:\/\/www.ulusiada.pt\/clima\/wp-json\/wp\/v2\/pages\/2749\/revisions\/2752"}],"up":[{"embeddable":true,"href":"https:\/\/www.ulusiada.pt\/clima\/wp-json\/wp\/v2\/pages\/91"}],"wp:attachment":[{"href":"https:\/\/www.ulusiada.pt\/clima\/wp-json\/wp\/v2\/media?parent=2749"}],"curies":[{"name":"wp","href":"https:\/\/api.w.org\/{rel}","templated":true}]}}