{"id":291,"date":"2012-03-31T14:58:38","date_gmt":"2012-03-31T14:58:38","guid":{"rendered":"http:\/\/www.ulusiada.pt\/clima\/?page_id=291"},"modified":"2012-05-17T09:10:05","modified_gmt":"2012-05-17T09:10:05","slug":"lei-da-traicao-e-aleivosia","status":"publish","type":"page","link":"https:\/\/www.ulusiada.pt\/clima\/ius-proprium-leis-gerais\/d-afonso-ii\/lei-da-traicao-e-aleivosia\/","title":{"rendered":"Lei da trai\u00e7\u00e3o e aleivosia"},"content":{"rendered":"<p>Lei na qual se pro\u00edbe a apropria\u00e7\u00e3o de bens dos condenados por crimes de trai\u00e7\u00e3o e aleivosia. Salvo se (i) essa trai\u00e7\u00e3o ou aleive se relacionar com a morte de el-rei, do seu filho ou parente chegado, do seu senhor ou de herege vencido em foro eclesi\u00e1stico ou (ii) se n\u00e3o houver herdeiros ou parentes chegados ou se estes tamb\u00e9m forem acusados. Salvaguarda a metade da heran\u00e7a da mulher, mas exclui os herdeiros nascituros, mesmo que a mulher j\u00e1 estivesse gr\u00e1vida no momento em que a trai\u00e7\u00e3o ou aleivosia foi praticada. Podendo sempre o acusado defender-se, pagando a respectiva coima, segundo o costume da terra, e salvando-se na Corte no prazo de 30 dias.<\/p>\n","protected":false},"excerpt":{"rendered":"<p>Lei na qual se pro\u00edbe a apropria\u00e7\u00e3o de bens dos condenados por crimes de trai\u00e7\u00e3o e aleivosia. Salvo se (i) essa trai\u00e7\u00e3o ou aleive se relacionar com a morte de el-rei, do seu filho ou parente chegado, do seu senhor &hellip; <a href=\"https:\/\/www.ulusiada.pt\/clima\/ius-proprium-leis-gerais\/d-afonso-ii\/lei-da-traicao-e-aleivosia\/\">Continuar a ler <span class=\"meta-nav\">&rarr;<\/span><\/a><\/p>\n","protected":false},"author":1,"featured_media":0,"parent":78,"menu_order":5,"comment_status":"closed","ping_status":"open","template":"lei-page.php","meta":[],"acf":[],"_links":{"self":[{"href":"https:\/\/www.ulusiada.pt\/clima\/wp-json\/wp\/v2\/pages\/291"}],"collection":[{"href":"https:\/\/www.ulusiada.pt\/clima\/wp-json\/wp\/v2\/pages"}],"about":[{"href":"https:\/\/www.ulusiada.pt\/clima\/wp-json\/wp\/v2\/types\/page"}],"author":[{"embeddable":true,"href":"https:\/\/www.ulusiada.pt\/clima\/wp-json\/wp\/v2\/users\/1"}],"replies":[{"embeddable":true,"href":"https:\/\/www.ulusiada.pt\/clima\/wp-json\/wp\/v2\/comments?post=291"}],"version-history":[{"count":4,"href":"https:\/\/www.ulusiada.pt\/clima\/wp-json\/wp\/v2\/pages\/291\/revisions"}],"predecessor-version":[{"id":769,"href":"https:\/\/www.ulusiada.pt\/clima\/wp-json\/wp\/v2\/pages\/291\/revisions\/769"}],"up":[{"embeddable":true,"href":"https:\/\/www.ulusiada.pt\/clima\/wp-json\/wp\/v2\/pages\/78"}],"wp:attachment":[{"href":"https:\/\/www.ulusiada.pt\/clima\/wp-json\/wp\/v2\/media?parent=291"}],"curies":[{"name":"wp","href":"https:\/\/api.w.org\/{rel}","templated":true}]}}