{"id":2927,"date":"2012-10-14T18:33:58","date_gmt":"2012-10-14T18:33:58","guid":{"rendered":"http:\/\/www.ulusiada.pt\/clima\/?page_id=2927"},"modified":"2014-01-07T14:35:42","modified_gmt":"2014-01-07T14:35:42","slug":"lei-do-recurso-de-apelacao","status":"publish","type":"page","link":"https:\/\/www.ulusiada.pt\/clima\/ius-proprium-leis-gerais\/d-afonso-iii\/lei-do-recurso-de-apelacao\/","title":{"rendered":"Lei do recurso de apela\u00e7\u00e3o"},"content":{"rendered":"<p>Lei que regulamenta o recurso de apela\u00e7\u00e3o.<\/p>\n","protected":false},"excerpt":{"rendered":"<p>Lei que regulamenta o recurso de apela\u00e7\u00e3o.<\/p>\n","protected":false},"author":1,"featured_media":0,"parent":91,"menu_order":21,"comment_status":"closed","ping_status":"open","template":"lei-page.php","meta":[],"acf":[],"_links":{"self":[{"href":"https:\/\/www.ulusiada.pt\/clima\/wp-json\/wp\/v2\/pages\/2927"}],"collection":[{"href":"https:\/\/www.ulusiada.pt\/clima\/wp-json\/wp\/v2\/pages"}],"about":[{"href":"https:\/\/www.ulusiada.pt\/clima\/wp-json\/wp\/v2\/types\/page"}],"author":[{"embeddable":true,"href":"https:\/\/www.ulusiada.pt\/clima\/wp-json\/wp\/v2\/users\/1"}],"replies":[{"embeddable":true,"href":"https:\/\/www.ulusiada.pt\/clima\/wp-json\/wp\/v2\/comments?post=2927"}],"version-history":[{"count":12,"href":"https:\/\/www.ulusiada.pt\/clima\/wp-json\/wp\/v2\/pages\/2927\/revisions"}],"predecessor-version":[{"id":2929,"href":"https:\/\/www.ulusiada.pt\/clima\/wp-json\/wp\/v2\/pages\/2927\/revisions\/2929"}],"up":[{"embeddable":true,"href":"https:\/\/www.ulusiada.pt\/clima\/wp-json\/wp\/v2\/pages\/91"}],"wp:attachment":[{"href":"https:\/\/www.ulusiada.pt\/clima\/wp-json\/wp\/v2\/media?parent=2927"}],"curies":[{"name":"wp","href":"https:\/\/api.w.org\/{rel}","templated":true}]}}