{"id":2963,"date":"2012-10-20T14:07:20","date_gmt":"2012-10-20T14:07:20","guid":{"rendered":"http:\/\/www.ulusiada.pt\/clima\/?page_id=2963"},"modified":"2013-08-16T13:44:25","modified_gmt":"2013-08-16T13:44:25","slug":"lei-do-contrabando-dos-cereais","status":"publish","type":"page","link":"https:\/\/www.ulusiada.pt\/clima\/ius-proprium-leis-gerais\/d-afonso-iii\/lei-do-contrabando-dos-cereais\/","title":{"rendered":"Lei do contrabando dos cereais"},"content":{"rendered":"<p>Lei sobre a sa\u00edda de cereais, para que n\u00e3o levem p\u00e3o nem farinha, para fora do reino, por mar ou por terra.<\/p>\n","protected":false},"excerpt":{"rendered":"<p>Lei sobre a sa\u00edda de cereais, para que n\u00e3o levem p\u00e3o nem farinha, para fora do reino, por mar ou por terra.<\/p>\n","protected":false},"author":1,"featured_media":0,"parent":91,"menu_order":24,"comment_status":"closed","ping_status":"open","template":"lei-page.php","meta":[],"acf":[],"_links":{"self":[{"href":"https:\/\/www.ulusiada.pt\/clima\/wp-json\/wp\/v2\/pages\/2963"}],"collection":[{"href":"https:\/\/www.ulusiada.pt\/clima\/wp-json\/wp\/v2\/pages"}],"about":[{"href":"https:\/\/www.ulusiada.pt\/clima\/wp-json\/wp\/v2\/types\/page"}],"author":[{"embeddable":true,"href":"https:\/\/www.ulusiada.pt\/clima\/wp-json\/wp\/v2\/users\/1"}],"replies":[{"embeddable":true,"href":"https:\/\/www.ulusiada.pt\/clima\/wp-json\/wp\/v2\/comments?post=2963"}],"version-history":[{"count":6,"href":"https:\/\/www.ulusiada.pt\/clima\/wp-json\/wp\/v2\/pages\/2963\/revisions"}],"predecessor-version":[{"id":2965,"href":"https:\/\/www.ulusiada.pt\/clima\/wp-json\/wp\/v2\/pages\/2963\/revisions\/2965"}],"up":[{"embeddable":true,"href":"https:\/\/www.ulusiada.pt\/clima\/wp-json\/wp\/v2\/pages\/91"}],"wp:attachment":[{"href":"https:\/\/www.ulusiada.pt\/clima\/wp-json\/wp\/v2\/media?parent=2963"}],"curies":[{"name":"wp","href":"https:\/\/api.w.org\/{rel}","templated":true}]}}