{"id":2967,"date":"2012-10-20T14:18:01","date_gmt":"2012-10-20T14:18:01","guid":{"rendered":"http:\/\/www.ulusiada.pt\/clima\/?page_id=2967"},"modified":"2013-08-16T13:45:00","modified_gmt":"2013-08-16T13:45:00","slug":"lei-do-numero-de-testemunhas","status":"publish","type":"page","link":"https:\/\/www.ulusiada.pt\/clima\/ius-proprium-leis-gerais\/d-afonso-iii\/lei-do-numero-de-testemunhas\/","title":{"rendered":"Lei do n\u00famero de testemunhas"},"content":{"rendered":"<p>Lei (<em>stabele\u00e7imento<\/em>) que permite a nomea\u00e7\u00e3o de testemunhas at\u00e9 ao n\u00famero de trinta.<\/p>\n","protected":false},"excerpt":{"rendered":"<p>Lei (stabele\u00e7imento) que permite a nomea\u00e7\u00e3o de testemunhas at\u00e9 ao n\u00famero de trinta.<\/p>\n","protected":false},"author":1,"featured_media":0,"parent":91,"menu_order":25,"comment_status":"closed","ping_status":"open","template":"lei-page.php","meta":[],"acf":[],"_links":{"self":[{"href":"https:\/\/www.ulusiada.pt\/clima\/wp-json\/wp\/v2\/pages\/2967"}],"collection":[{"href":"https:\/\/www.ulusiada.pt\/clima\/wp-json\/wp\/v2\/pages"}],"about":[{"href":"https:\/\/www.ulusiada.pt\/clima\/wp-json\/wp\/v2\/types\/page"}],"author":[{"embeddable":true,"href":"https:\/\/www.ulusiada.pt\/clima\/wp-json\/wp\/v2\/users\/1"}],"replies":[{"embeddable":true,"href":"https:\/\/www.ulusiada.pt\/clima\/wp-json\/wp\/v2\/comments?post=2967"}],"version-history":[{"count":8,"href":"https:\/\/www.ulusiada.pt\/clima\/wp-json\/wp\/v2\/pages\/2967\/revisions"}],"predecessor-version":[{"id":2969,"href":"https:\/\/www.ulusiada.pt\/clima\/wp-json\/wp\/v2\/pages\/2967\/revisions\/2969"}],"up":[{"embeddable":true,"href":"https:\/\/www.ulusiada.pt\/clima\/wp-json\/wp\/v2\/pages\/91"}],"wp:attachment":[{"href":"https:\/\/www.ulusiada.pt\/clima\/wp-json\/wp\/v2\/media?parent=2967"}],"curies":[{"name":"wp","href":"https:\/\/api.w.org\/{rel}","templated":true}]}}