{"id":2990,"date":"2012-10-20T15:43:05","date_gmt":"2012-10-20T15:43:05","guid":{"rendered":"http:\/\/www.ulusiada.pt\/clima\/?page_id=2990"},"modified":"2013-08-16T13:46:50","modified_gmt":"2013-08-16T13:46:50","slug":"lei-das-dividas-entre-cristaos-e-judeus","status":"publish","type":"page","link":"https:\/\/www.ulusiada.pt\/clima\/ius-proprium-leis-gerais\/d-afonso-iii\/lei-das-dividas-entre-cristaos-e-judeus\/","title":{"rendered":"Lei das d\u00edvidas entre crist\u00e3os e judeus"},"content":{"rendered":"<p>Lei para que os crist\u00e3os que obrigam as suas propriedades ou possess\u00f5es aos judeus as n\u00e3o possam vender at\u00e9 que paguem.<\/p>\n","protected":false},"excerpt":{"rendered":"<p>Lei para que os crist\u00e3os que obrigam as suas propriedades ou possess\u00f5es aos judeus as n\u00e3o possam vender at\u00e9 que paguem.<\/p>\n","protected":false},"author":1,"featured_media":0,"parent":91,"menu_order":28,"comment_status":"closed","ping_status":"open","template":"lei-page.php","meta":[],"acf":[],"_links":{"self":[{"href":"https:\/\/www.ulusiada.pt\/clima\/wp-json\/wp\/v2\/pages\/2990"}],"collection":[{"href":"https:\/\/www.ulusiada.pt\/clima\/wp-json\/wp\/v2\/pages"}],"about":[{"href":"https:\/\/www.ulusiada.pt\/clima\/wp-json\/wp\/v2\/types\/page"}],"author":[{"embeddable":true,"href":"https:\/\/www.ulusiada.pt\/clima\/wp-json\/wp\/v2\/users\/1"}],"replies":[{"embeddable":true,"href":"https:\/\/www.ulusiada.pt\/clima\/wp-json\/wp\/v2\/comments?post=2990"}],"version-history":[{"count":8,"href":"https:\/\/www.ulusiada.pt\/clima\/wp-json\/wp\/v2\/pages\/2990\/revisions"}],"predecessor-version":[{"id":2993,"href":"https:\/\/www.ulusiada.pt\/clima\/wp-json\/wp\/v2\/pages\/2990\/revisions\/2993"}],"up":[{"embeddable":true,"href":"https:\/\/www.ulusiada.pt\/clima\/wp-json\/wp\/v2\/pages\/91"}],"wp:attachment":[{"href":"https:\/\/www.ulusiada.pt\/clima\/wp-json\/wp\/v2\/media?parent=2990"}],"curies":[{"name":"wp","href":"https:\/\/api.w.org\/{rel}","templated":true}]}}