{"id":2996,"date":"2012-10-20T16:01:58","date_gmt":"2012-10-20T16:01:58","guid":{"rendered":"http:\/\/www.ulusiada.pt\/clima\/?page_id=2996"},"modified":"2013-08-16T13:59:50","modified_gmt":"2013-08-16T13:59:50","slug":"lei-da-avoenga","status":"publish","type":"page","link":"https:\/\/www.ulusiada.pt\/clima\/ius-proprium-leis-gerais\/d-afonso-iii\/lei-da-avoenga\/","title":{"rendered":"Lei da avoenga"},"content":{"rendered":"<p>Lei de avoenga, que estabelece a prefer\u00eancia dos parentes pr\u00f3ximos na compra dos bens da heran\u00e7a.<\/p>\n","protected":false},"excerpt":{"rendered":"<p>Lei de avoenga, que estabelece a prefer\u00eancia dos parentes pr\u00f3ximos na compra dos bens da heran\u00e7a.<\/p>\n","protected":false},"author":1,"featured_media":0,"parent":91,"menu_order":31,"comment_status":"closed","ping_status":"open","template":"lei-page.php","meta":[],"acf":[],"_links":{"self":[{"href":"https:\/\/www.ulusiada.pt\/clima\/wp-json\/wp\/v2\/pages\/2996"}],"collection":[{"href":"https:\/\/www.ulusiada.pt\/clima\/wp-json\/wp\/v2\/pages"}],"about":[{"href":"https:\/\/www.ulusiada.pt\/clima\/wp-json\/wp\/v2\/types\/page"}],"author":[{"embeddable":true,"href":"https:\/\/www.ulusiada.pt\/clima\/wp-json\/wp\/v2\/users\/1"}],"replies":[{"embeddable":true,"href":"https:\/\/www.ulusiada.pt\/clima\/wp-json\/wp\/v2\/comments?post=2996"}],"version-history":[{"count":8,"href":"https:\/\/www.ulusiada.pt\/clima\/wp-json\/wp\/v2\/pages\/2996\/revisions"}],"predecessor-version":[{"id":2998,"href":"https:\/\/www.ulusiada.pt\/clima\/wp-json\/wp\/v2\/pages\/2996\/revisions\/2998"}],"up":[{"embeddable":true,"href":"https:\/\/www.ulusiada.pt\/clima\/wp-json\/wp\/v2\/pages\/91"}],"wp:attachment":[{"href":"https:\/\/www.ulusiada.pt\/clima\/wp-json\/wp\/v2\/media?parent=2996"}],"curies":[{"name":"wp","href":"https:\/\/api.w.org\/{rel}","templated":true}]}}