{"id":3001,"date":"2012-10-20T16:26:01","date_gmt":"2012-10-20T16:26:01","guid":{"rendered":"http:\/\/www.ulusiada.pt\/clima\/?page_id=3001"},"modified":"2013-08-16T13:57:03","modified_gmt":"2013-08-16T13:57:03","slug":"lei-da-citacao-para-a-corte","status":"publish","type":"page","link":"https:\/\/www.ulusiada.pt\/clima\/ius-proprium-leis-gerais\/d-afonso-iii\/lei-da-citacao-para-a-corte\/","title":{"rendered":"Lei da cita\u00e7\u00e3o para a Corte"},"content":{"rendered":"<p>Lei que estabelece que, em rela\u00e7\u00e3o ao citado para a Corte, se devia aguardar tr\u00eas dias antes do julgamento \u00e0 revelia. E aparecendo depois dos tr\u00eas dias assinados, mas antes de passar a senten\u00e7a pela Chancelaria, seja ouvido.<\/p>\n","protected":false},"excerpt":{"rendered":"<p>Lei que estabelece que, em rela\u00e7\u00e3o ao citado para a Corte, se devia aguardar tr\u00eas dias antes do julgamento \u00e0 revelia. E aparecendo depois dos tr\u00eas dias assinados, mas antes de passar a senten\u00e7a pela Chancelaria, seja ouvido.<\/p>\n","protected":false},"author":1,"featured_media":0,"parent":91,"menu_order":32,"comment_status":"closed","ping_status":"open","template":"lei-page.php","meta":[],"acf":[],"_links":{"self":[{"href":"https:\/\/www.ulusiada.pt\/clima\/wp-json\/wp\/v2\/pages\/3001"}],"collection":[{"href":"https:\/\/www.ulusiada.pt\/clima\/wp-json\/wp\/v2\/pages"}],"about":[{"href":"https:\/\/www.ulusiada.pt\/clima\/wp-json\/wp\/v2\/types\/page"}],"author":[{"embeddable":true,"href":"https:\/\/www.ulusiada.pt\/clima\/wp-json\/wp\/v2\/users\/1"}],"replies":[{"embeddable":true,"href":"https:\/\/www.ulusiada.pt\/clima\/wp-json\/wp\/v2\/comments?post=3001"}],"version-history":[{"count":7,"href":"https:\/\/www.ulusiada.pt\/clima\/wp-json\/wp\/v2\/pages\/3001\/revisions"}],"predecessor-version":[{"id":3003,"href":"https:\/\/www.ulusiada.pt\/clima\/wp-json\/wp\/v2\/pages\/3001\/revisions\/3003"}],"up":[{"embeddable":true,"href":"https:\/\/www.ulusiada.pt\/clima\/wp-json\/wp\/v2\/pages\/91"}],"wp:attachment":[{"href":"https:\/\/www.ulusiada.pt\/clima\/wp-json\/wp\/v2\/media?parent=3001"}],"curies":[{"name":"wp","href":"https:\/\/api.w.org\/{rel}","templated":true}]}}