{"id":3006,"date":"2012-10-20T16:50:14","date_gmt":"2012-10-20T16:50:14","guid":{"rendered":"http:\/\/www.ulusiada.pt\/clima\/?page_id=3006"},"modified":"2013-08-16T13:50:33","modified_gmt":"2013-08-16T13:50:33","slug":"lei-das-procuracoes","status":"publish","type":"page","link":"https:\/\/www.ulusiada.pt\/clima\/ius-proprium-leis-gerais\/d-afonso-iii\/lei-das-procuracoes\/","title":{"rendered":"Lei das procura\u00e7\u00f5es"},"content":{"rendered":"<p>Lei sobre formalidades da procura\u00e7\u00e3o: em que se mencionam o juiz, as partes e a coisa objecto de lit\u00edgio<\/p>\n","protected":false},"excerpt":{"rendered":"<p>Lei sobre formalidades da procura\u00e7\u00e3o: em que se mencionam o juiz, as partes e a coisa objecto de lit\u00edgio<\/p>\n","protected":false},"author":1,"featured_media":0,"parent":91,"menu_order":32,"comment_status":"closed","ping_status":"open","template":"lei-page.php","meta":[],"acf":[],"_links":{"self":[{"href":"https:\/\/www.ulusiada.pt\/clima\/wp-json\/wp\/v2\/pages\/3006"}],"collection":[{"href":"https:\/\/www.ulusiada.pt\/clima\/wp-json\/wp\/v2\/pages"}],"about":[{"href":"https:\/\/www.ulusiada.pt\/clima\/wp-json\/wp\/v2\/types\/page"}],"author":[{"embeddable":true,"href":"https:\/\/www.ulusiada.pt\/clima\/wp-json\/wp\/v2\/users\/1"}],"replies":[{"embeddable":true,"href":"https:\/\/www.ulusiada.pt\/clima\/wp-json\/wp\/v2\/comments?post=3006"}],"version-history":[{"count":7,"href":"https:\/\/www.ulusiada.pt\/clima\/wp-json\/wp\/v2\/pages\/3006\/revisions"}],"predecessor-version":[{"id":3008,"href":"https:\/\/www.ulusiada.pt\/clima\/wp-json\/wp\/v2\/pages\/3006\/revisions\/3008"}],"up":[{"embeddable":true,"href":"https:\/\/www.ulusiada.pt\/clima\/wp-json\/wp\/v2\/pages\/91"}],"wp:attachment":[{"href":"https:\/\/www.ulusiada.pt\/clima\/wp-json\/wp\/v2\/media?parent=3006"}],"curies":[{"name":"wp","href":"https:\/\/api.w.org\/{rel}","templated":true}]}}