{"id":3014,"date":"2012-10-20T17:01:47","date_gmt":"2012-10-20T17:01:47","guid":{"rendered":"http:\/\/www.ulusiada.pt\/clima\/?page_id=3014"},"modified":"2013-08-16T13:56:21","modified_gmt":"2013-08-16T13:56:21","slug":"lei-validacao-das-cartas-do-concelho","status":"publish","type":"page","link":"https:\/\/www.ulusiada.pt\/clima\/ius-proprium-leis-gerais\/d-afonso-iii\/lei-validacao-das-cartas-do-concelho\/","title":{"rendered":"Lei valida\u00e7\u00e3o das cartas do concelho"},"content":{"rendered":"<p>Lei sobre o modo de valida\u00e7\u00e3o de cartas de concelho que n\u00e3o tiver tabeli\u00e3o: que envie um juiz com dois homens bons e o selo do concelho, se o houver, ou com a carta de foro, que valha como procura\u00e7\u00e3o.<\/p>\n","protected":false},"excerpt":{"rendered":"<p>Lei sobre o modo de valida\u00e7\u00e3o de cartas de concelho que n\u00e3o tiver tabeli\u00e3o: que envie um juiz com dois homens bons e o selo do concelho, se o houver, ou com a carta de foro, que valha como procura\u00e7\u00e3o.<\/p>\n","protected":false},"author":1,"featured_media":0,"parent":91,"menu_order":32,"comment_status":"closed","ping_status":"open","template":"lei-page.php","meta":[],"acf":[],"_links":{"self":[{"href":"https:\/\/www.ulusiada.pt\/clima\/wp-json\/wp\/v2\/pages\/3014"}],"collection":[{"href":"https:\/\/www.ulusiada.pt\/clima\/wp-json\/wp\/v2\/pages"}],"about":[{"href":"https:\/\/www.ulusiada.pt\/clima\/wp-json\/wp\/v2\/types\/page"}],"author":[{"embeddable":true,"href":"https:\/\/www.ulusiada.pt\/clima\/wp-json\/wp\/v2\/users\/1"}],"replies":[{"embeddable":true,"href":"https:\/\/www.ulusiada.pt\/clima\/wp-json\/wp\/v2\/comments?post=3014"}],"version-history":[{"count":6,"href":"https:\/\/www.ulusiada.pt\/clima\/wp-json\/wp\/v2\/pages\/3014\/revisions"}],"predecessor-version":[{"id":3016,"href":"https:\/\/www.ulusiada.pt\/clima\/wp-json\/wp\/v2\/pages\/3014\/revisions\/3016"}],"up":[{"embeddable":true,"href":"https:\/\/www.ulusiada.pt\/clima\/wp-json\/wp\/v2\/pages\/91"}],"wp:attachment":[{"href":"https:\/\/www.ulusiada.pt\/clima\/wp-json\/wp\/v2\/media?parent=3014"}],"curies":[{"name":"wp","href":"https:\/\/api.w.org\/{rel}","templated":true}]}}