{"id":3019,"date":"2012-10-21T10:11:08","date_gmt":"2012-10-21T10:11:08","guid":{"rendered":"http:\/\/www.ulusiada.pt\/clima\/?page_id=3019"},"modified":"2013-08-16T13:57:37","modified_gmt":"2013-08-16T13:57:37","slug":"lei-dos-procuradores","status":"publish","type":"page","link":"https:\/\/www.ulusiada.pt\/clima\/ius-proprium-leis-gerais\/d-afonso-iii\/lei-dos-procuradores\/","title":{"rendered":"Lei dos procuradores"},"content":{"rendered":"<p>Lei sobre os procuradores na al\u00e7ada e na demanda: estabele que o procurador da primeira inst\u00e2ncia tamb\u00e9m tem poderes para a segunda.<\/p>\n","protected":false},"excerpt":{"rendered":"<p>Lei sobre os procuradores na al\u00e7ada e na demanda: estabele que o procurador da primeira inst\u00e2ncia tamb\u00e9m tem poderes para a segunda.<\/p>\n","protected":false},"author":1,"featured_media":0,"parent":91,"menu_order":33,"comment_status":"closed","ping_status":"open","template":"lei-page.php","meta":[],"acf":[],"_links":{"self":[{"href":"https:\/\/www.ulusiada.pt\/clima\/wp-json\/wp\/v2\/pages\/3019"}],"collection":[{"href":"https:\/\/www.ulusiada.pt\/clima\/wp-json\/wp\/v2\/pages"}],"about":[{"href":"https:\/\/www.ulusiada.pt\/clima\/wp-json\/wp\/v2\/types\/page"}],"author":[{"embeddable":true,"href":"https:\/\/www.ulusiada.pt\/clima\/wp-json\/wp\/v2\/users\/1"}],"replies":[{"embeddable":true,"href":"https:\/\/www.ulusiada.pt\/clima\/wp-json\/wp\/v2\/comments?post=3019"}],"version-history":[{"count":5,"href":"https:\/\/www.ulusiada.pt\/clima\/wp-json\/wp\/v2\/pages\/3019\/revisions"}],"predecessor-version":[{"id":3022,"href":"https:\/\/www.ulusiada.pt\/clima\/wp-json\/wp\/v2\/pages\/3019\/revisions\/3022"}],"up":[{"embeddable":true,"href":"https:\/\/www.ulusiada.pt\/clima\/wp-json\/wp\/v2\/pages\/91"}],"wp:attachment":[{"href":"https:\/\/www.ulusiada.pt\/clima\/wp-json\/wp\/v2\/media?parent=3019"}],"curies":[{"name":"wp","href":"https:\/\/api.w.org\/{rel}","templated":true}]}}