{"id":3055,"date":"2012-10-21T11:45:09","date_gmt":"2012-10-21T11:45:09","guid":{"rendered":"http:\/\/www.ulusiada.pt\/clima\/?page_id=3055"},"modified":"2013-08-13T15:57:39","modified_gmt":"2013-08-13T15:57:39","slug":"lei-da-revelia-7","status":"publish","type":"page","link":"https:\/\/www.ulusiada.pt\/clima\/ius-proprium-leis-gerais\/d-afonso-iii\/lei-da-revelia-7\/","title":{"rendered":"Lei da revelia"},"content":{"rendered":"<p>Lei sobre a revelia, para que o autor que \u00e9 metido em posse dos bens de raiz, \u00e0 revelia do r\u00e9u, n\u00e3o seja obrigado a ar\u00e1-los.<\/p>\n","protected":false},"excerpt":{"rendered":"<p>Lei sobre a revelia, para que o autor que \u00e9 metido em posse dos bens de raiz, \u00e0 revelia do r\u00e9u, n\u00e3o seja obrigado a ar\u00e1-los.<\/p>\n","protected":false},"author":1,"featured_media":0,"parent":91,"menu_order":39,"comment_status":"closed","ping_status":"open","template":"lei-page.php","meta":[],"acf":[],"_links":{"self":[{"href":"https:\/\/www.ulusiada.pt\/clima\/wp-json\/wp\/v2\/pages\/3055"}],"collection":[{"href":"https:\/\/www.ulusiada.pt\/clima\/wp-json\/wp\/v2\/pages"}],"about":[{"href":"https:\/\/www.ulusiada.pt\/clima\/wp-json\/wp\/v2\/types\/page"}],"author":[{"embeddable":true,"href":"https:\/\/www.ulusiada.pt\/clima\/wp-json\/wp\/v2\/users\/1"}],"replies":[{"embeddable":true,"href":"https:\/\/www.ulusiada.pt\/clima\/wp-json\/wp\/v2\/comments?post=3055"}],"version-history":[{"count":6,"href":"https:\/\/www.ulusiada.pt\/clima\/wp-json\/wp\/v2\/pages\/3055\/revisions"}],"predecessor-version":[{"id":3057,"href":"https:\/\/www.ulusiada.pt\/clima\/wp-json\/wp\/v2\/pages\/3055\/revisions\/3057"}],"up":[{"embeddable":true,"href":"https:\/\/www.ulusiada.pt\/clima\/wp-json\/wp\/v2\/pages\/91"}],"wp:attachment":[{"href":"https:\/\/www.ulusiada.pt\/clima\/wp-json\/wp\/v2\/media?parent=3055"}],"curies":[{"name":"wp","href":"https:\/\/api.w.org\/{rel}","templated":true}]}}