{"id":3076,"date":"2012-10-21T14:24:47","date_gmt":"2012-10-21T14:24:47","guid":{"rendered":"http:\/\/www.ulusiada.pt\/clima\/?page_id=3076"},"modified":"2013-08-13T16:05:06","modified_gmt":"2013-08-13T16:05:06","slug":"lei-da-execucao-por-dividas","status":"publish","type":"page","link":"https:\/\/www.ulusiada.pt\/clima\/ius-proprium-leis-gerais\/d-afonso-iii\/lei-da-execucao-por-dividas\/","title":{"rendered":"Lei da execu\u00e7\u00e3o por d\u00edvidas"},"content":{"rendered":"<p>Lei sobre execu\u00e7\u00e3o dos bens do vencido em caso de n\u00e3o pagamento de d\u00edvida: primeiro venda-se o m\u00f3vel e depois, se este n\u00e3o chegar, venda-se os bens de raiz.<\/p>\n","protected":false},"excerpt":{"rendered":"<p>Lei sobre execu\u00e7\u00e3o dos bens do vencido em caso de n\u00e3o pagamento de d\u00edvida: primeiro venda-se o m\u00f3vel e depois, se este n\u00e3o chegar, venda-se os bens de raiz.<\/p>\n","protected":false},"author":1,"featured_media":0,"parent":91,"menu_order":43,"comment_status":"closed","ping_status":"open","template":"lei-page.php","meta":[],"acf":[],"_links":{"self":[{"href":"https:\/\/www.ulusiada.pt\/clima\/wp-json\/wp\/v2\/pages\/3076"}],"collection":[{"href":"https:\/\/www.ulusiada.pt\/clima\/wp-json\/wp\/v2\/pages"}],"about":[{"href":"https:\/\/www.ulusiada.pt\/clima\/wp-json\/wp\/v2\/types\/page"}],"author":[{"embeddable":true,"href":"https:\/\/www.ulusiada.pt\/clima\/wp-json\/wp\/v2\/users\/1"}],"replies":[{"embeddable":true,"href":"https:\/\/www.ulusiada.pt\/clima\/wp-json\/wp\/v2\/comments?post=3076"}],"version-history":[{"count":4,"href":"https:\/\/www.ulusiada.pt\/clima\/wp-json\/wp\/v2\/pages\/3076\/revisions"}],"predecessor-version":[{"id":3078,"href":"https:\/\/www.ulusiada.pt\/clima\/wp-json\/wp\/v2\/pages\/3076\/revisions\/3078"}],"up":[{"embeddable":true,"href":"https:\/\/www.ulusiada.pt\/clima\/wp-json\/wp\/v2\/pages\/91"}],"wp:attachment":[{"href":"https:\/\/www.ulusiada.pt\/clima\/wp-json\/wp\/v2\/media?parent=3076"}],"curies":[{"name":"wp","href":"https:\/\/api.w.org\/{rel}","templated":true}]}}