{"id":3094,"date":"2012-10-21T17:18:19","date_gmt":"2012-10-21T17:18:19","guid":{"rendered":"http:\/\/www.ulusiada.pt\/clima\/?page_id=3094"},"modified":"2014-01-07T15:13:58","modified_gmt":"2014-01-07T15:13:58","slug":"estilo-da-corte-sobre-apelacao","status":"publish","type":"page","link":"https:\/\/www.ulusiada.pt\/clima\/ius-proprium-costumes-e-estilos-da-corte\/tribunal-da-corte\/estilo-da-corte-sobre-apelacao\/","title":{"rendered":"Estilo da Corte sobre apela\u00e7\u00e3o"},"content":{"rendered":"<p>Estilo da Corte\u00a0sobre\u00a0os prazos relativos \u00e0s apela\u00e7\u00f5es: <em><strong>(i)<\/strong><\/em> nove dias para solicitar ao(s) juiz(es) da causa as raz\u00f5es, o ju\u00edzo e o agravo por escrito; <em><strong>(ii)\u00a0<\/strong><\/em>trinta dias,\u00a0decorridos os dito nove dias,\u00a0para seguir o recurso de apela\u00e7\u00e3o na corte.<\/p>\n","protected":false},"excerpt":{"rendered":"<p>Estilo da Corte\u00a0sobre\u00a0os prazos relativos \u00e0s apela\u00e7\u00f5es: (i) nove dias para solicitar ao(s) juiz(es) da causa as raz\u00f5es, o ju\u00edzo e o agravo por escrito; (ii)\u00a0trinta dias,\u00a0decorridos os dito nove dias,\u00a0para seguir o recurso de apela\u00e7\u00e3o na corte.<\/p>\n","protected":false},"author":1,"featured_media":0,"parent":4184,"menu_order":0,"comment_status":"closed","ping_status":"open","template":"lei-page.php","meta":[],"acf":[],"_links":{"self":[{"href":"https:\/\/www.ulusiada.pt\/clima\/wp-json\/wp\/v2\/pages\/3094"}],"collection":[{"href":"https:\/\/www.ulusiada.pt\/clima\/wp-json\/wp\/v2\/pages"}],"about":[{"href":"https:\/\/www.ulusiada.pt\/clima\/wp-json\/wp\/v2\/types\/page"}],"author":[{"embeddable":true,"href":"https:\/\/www.ulusiada.pt\/clima\/wp-json\/wp\/v2\/users\/1"}],"replies":[{"embeddable":true,"href":"https:\/\/www.ulusiada.pt\/clima\/wp-json\/wp\/v2\/comments?post=3094"}],"version-history":[{"count":12,"href":"https:\/\/www.ulusiada.pt\/clima\/wp-json\/wp\/v2\/pages\/3094\/revisions"}],"predecessor-version":[{"id":3096,"href":"https:\/\/www.ulusiada.pt\/clima\/wp-json\/wp\/v2\/pages\/3094\/revisions\/3096"}],"up":[{"embeddable":true,"href":"https:\/\/www.ulusiada.pt\/clima\/wp-json\/wp\/v2\/pages\/4184"}],"wp:attachment":[{"href":"https:\/\/www.ulusiada.pt\/clima\/wp-json\/wp\/v2\/media?parent=3094"}],"curies":[{"name":"wp","href":"https:\/\/api.w.org\/{rel}","templated":true}]}}