{"id":3103,"date":"2012-10-21T17:41:28","date_gmt":"2012-10-21T17:41:28","guid":{"rendered":"http:\/\/www.ulusiada.pt\/clima\/?page_id=3103"},"modified":"2013-08-13T16:10:01","modified_gmt":"2013-08-13T16:10:01","slug":"lei-da-apelacao","status":"publish","type":"page","link":"https:\/\/www.ulusiada.pt\/clima\/ius-proprium-leis-gerais\/d-afonso-iii\/lei-da-apelacao\/","title":{"rendered":"Lei da apela\u00e7\u00e3o"},"content":{"rendered":"<p>Lei sobre apela\u00e7\u00e3o de senten\u00e7a de sobrejuiz, que apelem imediatamente para a Corte.<\/p>\n","protected":false},"excerpt":{"rendered":"<p>Lei sobre apela\u00e7\u00e3o de senten\u00e7a de sobrejuiz, que apelem imediatamente para a Corte.<\/p>\n","protected":false},"author":1,"featured_media":0,"parent":91,"menu_order":49,"comment_status":"closed","ping_status":"open","template":"lei-page.php","meta":[],"acf":[],"_links":{"self":[{"href":"https:\/\/www.ulusiada.pt\/clima\/wp-json\/wp\/v2\/pages\/3103"}],"collection":[{"href":"https:\/\/www.ulusiada.pt\/clima\/wp-json\/wp\/v2\/pages"}],"about":[{"href":"https:\/\/www.ulusiada.pt\/clima\/wp-json\/wp\/v2\/types\/page"}],"author":[{"embeddable":true,"href":"https:\/\/www.ulusiada.pt\/clima\/wp-json\/wp\/v2\/users\/1"}],"replies":[{"embeddable":true,"href":"https:\/\/www.ulusiada.pt\/clima\/wp-json\/wp\/v2\/comments?post=3103"}],"version-history":[{"count":4,"href":"https:\/\/www.ulusiada.pt\/clima\/wp-json\/wp\/v2\/pages\/3103\/revisions"}],"predecessor-version":[{"id":3105,"href":"https:\/\/www.ulusiada.pt\/clima\/wp-json\/wp\/v2\/pages\/3103\/revisions\/3105"}],"up":[{"embeddable":true,"href":"https:\/\/www.ulusiada.pt\/clima\/wp-json\/wp\/v2\/pages\/91"}],"wp:attachment":[{"href":"https:\/\/www.ulusiada.pt\/clima\/wp-json\/wp\/v2\/media?parent=3103"}],"curies":[{"name":"wp","href":"https:\/\/api.w.org\/{rel}","templated":true}]}}