{"id":3107,"date":"2012-10-21T17:52:45","date_gmt":"2012-10-21T17:52:45","guid":{"rendered":"http:\/\/www.ulusiada.pt\/clima\/?page_id=3107"},"modified":"2013-08-13T16:11:51","modified_gmt":"2013-08-13T16:11:51","slug":"lei-da-apelacao-2","status":"publish","type":"page","link":"https:\/\/www.ulusiada.pt\/clima\/ius-proprium-leis-gerais\/d-afonso-iii\/lei-da-apelacao-2\/","title":{"rendered":"Lei da apela\u00e7\u00e3o"},"content":{"rendered":"<p>Lei sobre ju\u00edzo com indica\u00e7\u00e3o de que n\u00e3o se apele; o juiz deve dar carta de senten\u00e7a.<\/p>\n","protected":false},"excerpt":{"rendered":"<p>Lei sobre ju\u00edzo com indica\u00e7\u00e3o de que n\u00e3o se apele; o juiz deve dar carta de senten\u00e7a.<\/p>\n","protected":false},"author":1,"featured_media":0,"parent":91,"menu_order":50,"comment_status":"closed","ping_status":"open","template":"lei-page.php","meta":[],"acf":[],"_links":{"self":[{"href":"https:\/\/www.ulusiada.pt\/clima\/wp-json\/wp\/v2\/pages\/3107"}],"collection":[{"href":"https:\/\/www.ulusiada.pt\/clima\/wp-json\/wp\/v2\/pages"}],"about":[{"href":"https:\/\/www.ulusiada.pt\/clima\/wp-json\/wp\/v2\/types\/page"}],"author":[{"embeddable":true,"href":"https:\/\/www.ulusiada.pt\/clima\/wp-json\/wp\/v2\/users\/1"}],"replies":[{"embeddable":true,"href":"https:\/\/www.ulusiada.pt\/clima\/wp-json\/wp\/v2\/comments?post=3107"}],"version-history":[{"count":4,"href":"https:\/\/www.ulusiada.pt\/clima\/wp-json\/wp\/v2\/pages\/3107\/revisions"}],"predecessor-version":[{"id":3109,"href":"https:\/\/www.ulusiada.pt\/clima\/wp-json\/wp\/v2\/pages\/3107\/revisions\/3109"}],"up":[{"embeddable":true,"href":"https:\/\/www.ulusiada.pt\/clima\/wp-json\/wp\/v2\/pages\/91"}],"wp:attachment":[{"href":"https:\/\/www.ulusiada.pt\/clima\/wp-json\/wp\/v2\/media?parent=3107"}],"curies":[{"name":"wp","href":"https:\/\/api.w.org\/{rel}","templated":true}]}}