{"id":3115,"date":"2012-10-21T18:19:37","date_gmt":"2012-10-21T18:19:37","guid":{"rendered":"http:\/\/www.ulusiada.pt\/clima\/?page_id=3115"},"modified":"2013-08-13T16:15:21","modified_gmt":"2013-08-13T16:15:21","slug":"lei-dos-advogados-da-corte-2","status":"publish","type":"page","link":"https:\/\/www.ulusiada.pt\/clima\/ius-proprium-leis-gerais\/d-afonso-iii\/lei-dos-advogados-da-corte-2\/","title":{"rendered":"Lei dos advogados da Corte"},"content":{"rendered":"<p>Lei sobre a limita\u00e7\u00e3o de um advogado por pleito, na Casa da Justi\u00e7a de el-rei.<\/p>\n","protected":false},"excerpt":{"rendered":"<p>Lei sobre a limita\u00e7\u00e3o de um advogado por pleito, na Casa da Justi\u00e7a de el-rei.<\/p>\n","protected":false},"author":1,"featured_media":0,"parent":91,"menu_order":52,"comment_status":"closed","ping_status":"open","template":"lei-page.php","meta":[],"acf":[],"_links":{"self":[{"href":"https:\/\/www.ulusiada.pt\/clima\/wp-json\/wp\/v2\/pages\/3115"}],"collection":[{"href":"https:\/\/www.ulusiada.pt\/clima\/wp-json\/wp\/v2\/pages"}],"about":[{"href":"https:\/\/www.ulusiada.pt\/clima\/wp-json\/wp\/v2\/types\/page"}],"author":[{"embeddable":true,"href":"https:\/\/www.ulusiada.pt\/clima\/wp-json\/wp\/v2\/users\/1"}],"replies":[{"embeddable":true,"href":"https:\/\/www.ulusiada.pt\/clima\/wp-json\/wp\/v2\/comments?post=3115"}],"version-history":[{"count":6,"href":"https:\/\/www.ulusiada.pt\/clima\/wp-json\/wp\/v2\/pages\/3115\/revisions"}],"predecessor-version":[{"id":3118,"href":"https:\/\/www.ulusiada.pt\/clima\/wp-json\/wp\/v2\/pages\/3115\/revisions\/3118"}],"up":[{"embeddable":true,"href":"https:\/\/www.ulusiada.pt\/clima\/wp-json\/wp\/v2\/pages\/91"}],"wp:attachment":[{"href":"https:\/\/www.ulusiada.pt\/clima\/wp-json\/wp\/v2\/media?parent=3115"}],"curies":[{"name":"wp","href":"https:\/\/api.w.org\/{rel}","templated":true}]}}