{"id":3121,"date":"2012-10-21T18:40:05","date_gmt":"2012-10-21T18:40:05","guid":{"rendered":"http:\/\/www.ulusiada.pt\/clima\/?page_id=3121"},"modified":"2013-08-13T16:37:11","modified_gmt":"2013-08-13T16:37:11","slug":"lei-da-revelia-11","status":"publish","type":"page","link":"https:\/\/www.ulusiada.pt\/clima\/ius-proprium-leis-gerais\/d-afonso-iii\/lei-da-revelia-11\/","title":{"rendered":"Lei da revelia"},"content":{"rendered":"<p>Lei como se deve dar conta dos bens que s\u00e3o entregues em revelia e sobre aqueles que s\u00e3o penhorados por d\u00edvida.<\/p>\n","protected":false},"excerpt":{"rendered":"<p>Lei como se deve dar conta dos bens que s\u00e3o entregues em revelia e sobre aqueles que s\u00e3o penhorados por d\u00edvida.<\/p>\n","protected":false},"author":1,"featured_media":0,"parent":91,"menu_order":53,"comment_status":"closed","ping_status":"open","template":"lei-page.php","meta":[],"acf":[],"_links":{"self":[{"href":"https:\/\/www.ulusiada.pt\/clima\/wp-json\/wp\/v2\/pages\/3121"}],"collection":[{"href":"https:\/\/www.ulusiada.pt\/clima\/wp-json\/wp\/v2\/pages"}],"about":[{"href":"https:\/\/www.ulusiada.pt\/clima\/wp-json\/wp\/v2\/types\/page"}],"author":[{"embeddable":true,"href":"https:\/\/www.ulusiada.pt\/clima\/wp-json\/wp\/v2\/users\/1"}],"replies":[{"embeddable":true,"href":"https:\/\/www.ulusiada.pt\/clima\/wp-json\/wp\/v2\/comments?post=3121"}],"version-history":[{"count":6,"href":"https:\/\/www.ulusiada.pt\/clima\/wp-json\/wp\/v2\/pages\/3121\/revisions"}],"predecessor-version":[{"id":3124,"href":"https:\/\/www.ulusiada.pt\/clima\/wp-json\/wp\/v2\/pages\/3121\/revisions\/3124"}],"up":[{"embeddable":true,"href":"https:\/\/www.ulusiada.pt\/clima\/wp-json\/wp\/v2\/pages\/91"}],"wp:attachment":[{"href":"https:\/\/www.ulusiada.pt\/clima\/wp-json\/wp\/v2\/media?parent=3121"}],"curies":[{"name":"wp","href":"https:\/\/api.w.org\/{rel}","templated":true}]}}