{"id":3126,"date":"2012-10-21T18:58:43","date_gmt":"2012-10-21T18:58:43","guid":{"rendered":"http:\/\/www.ulusiada.pt\/clima\/?page_id=3126"},"modified":"2013-08-13T16:39:46","modified_gmt":"2013-08-13T16:39:46","slug":"lei-da-fianca","status":"publish","type":"page","link":"https:\/\/www.ulusiada.pt\/clima\/ius-proprium-leis-gerais\/d-afonso-iii\/lei-da-fianca\/","title":{"rendered":"Lei da fian\u00e7a"},"content":{"rendered":"<p>Lei que determina que a fian\u00e7a seja solid\u00e1ria, estabelecendo como devem pagar igualmente a fiadoria e n\u00e3o uns mais do que outros.<\/p>\n","protected":false},"excerpt":{"rendered":"<p>Lei que determina que a fian\u00e7a seja solid\u00e1ria, estabelecendo como devem pagar igualmente a fiadoria e n\u00e3o uns mais do que outros.<\/p>\n","protected":false},"author":1,"featured_media":0,"parent":91,"menu_order":54,"comment_status":"closed","ping_status":"open","template":"lei-page.php","meta":[],"acf":[],"_links":{"self":[{"href":"https:\/\/www.ulusiada.pt\/clima\/wp-json\/wp\/v2\/pages\/3126"}],"collection":[{"href":"https:\/\/www.ulusiada.pt\/clima\/wp-json\/wp\/v2\/pages"}],"about":[{"href":"https:\/\/www.ulusiada.pt\/clima\/wp-json\/wp\/v2\/types\/page"}],"author":[{"embeddable":true,"href":"https:\/\/www.ulusiada.pt\/clima\/wp-json\/wp\/v2\/users\/1"}],"replies":[{"embeddable":true,"href":"https:\/\/www.ulusiada.pt\/clima\/wp-json\/wp\/v2\/comments?post=3126"}],"version-history":[{"count":5,"href":"https:\/\/www.ulusiada.pt\/clima\/wp-json\/wp\/v2\/pages\/3126\/revisions"}],"predecessor-version":[{"id":3128,"href":"https:\/\/www.ulusiada.pt\/clima\/wp-json\/wp\/v2\/pages\/3126\/revisions\/3128"}],"up":[{"embeddable":true,"href":"https:\/\/www.ulusiada.pt\/clima\/wp-json\/wp\/v2\/pages\/91"}],"wp:attachment":[{"href":"https:\/\/www.ulusiada.pt\/clima\/wp-json\/wp\/v2\/media?parent=3126"}],"curies":[{"name":"wp","href":"https:\/\/api.w.org\/{rel}","templated":true}]}}