{"id":313,"date":"2012-03-31T18:45:15","date_gmt":"2012-03-31T18:45:15","guid":{"rendered":"http:\/\/www.ulusiada.pt\/clima\/?page_id=313"},"modified":"2012-05-02T17:27:36","modified_gmt":"2012-05-02T17:27:36","slug":"lei-dos-feitos-findos","status":"publish","type":"page","link":"https:\/\/www.ulusiada.pt\/clima\/ius-proprium-leis-gerais\/d-afonso-ii\/lei-dos-feitos-findos\/","title":{"rendered":"Lei dos feitos findos"},"content":{"rendered":"<p>Lei que estabelece as coimas a pagar pelos que pedem ao tribunal da Corte que lhes revejam os feitos findos por senten\u00e7a dos juizes de el-rei. Confirmando-se a senten\u00e7a,\u00a0 (i) se o vencedor for cavaleiro ou cl\u00e9rigo prelado de igreja, o vencido seja obrigado a pagar 10 maravedis de ouro, (ii) se o vencedor for pe\u00e3o ou cl\u00e9rigo n\u00e3o prelado pague o vencido 5 maravedis de ouro.<\/p>\n","protected":false},"excerpt":{"rendered":"<p>Lei que estabelece as coimas a pagar pelos que pedem ao tribunal da Corte que lhes revejam os feitos findos por senten\u00e7a dos juizes de el-rei. Confirmando-se a senten\u00e7a,\u00a0 (i) se o vencedor for cavaleiro ou cl\u00e9rigo prelado de igreja, &hellip; <a href=\"https:\/\/www.ulusiada.pt\/clima\/ius-proprium-leis-gerais\/d-afonso-ii\/lei-dos-feitos-findos\/\">Continuar a ler <span class=\"meta-nav\">&rarr;<\/span><\/a><\/p>\n","protected":false},"author":1,"featured_media":0,"parent":78,"menu_order":8,"comment_status":"closed","ping_status":"open","template":"lei-page.php","meta":[],"acf":[],"_links":{"self":[{"href":"https:\/\/www.ulusiada.pt\/clima\/wp-json\/wp\/v2\/pages\/313"}],"collection":[{"href":"https:\/\/www.ulusiada.pt\/clima\/wp-json\/wp\/v2\/pages"}],"about":[{"href":"https:\/\/www.ulusiada.pt\/clima\/wp-json\/wp\/v2\/types\/page"}],"author":[{"embeddable":true,"href":"https:\/\/www.ulusiada.pt\/clima\/wp-json\/wp\/v2\/users\/1"}],"replies":[{"embeddable":true,"href":"https:\/\/www.ulusiada.pt\/clima\/wp-json\/wp\/v2\/comments?post=313"}],"version-history":[{"count":2,"href":"https:\/\/www.ulusiada.pt\/clima\/wp-json\/wp\/v2\/pages\/313\/revisions"}],"predecessor-version":[{"id":1105,"href":"https:\/\/www.ulusiada.pt\/clima\/wp-json\/wp\/v2\/pages\/313\/revisions\/1105"}],"up":[{"embeddable":true,"href":"https:\/\/www.ulusiada.pt\/clima\/wp-json\/wp\/v2\/pages\/78"}],"wp:attachment":[{"href":"https:\/\/www.ulusiada.pt\/clima\/wp-json\/wp\/v2\/media?parent=313"}],"curies":[{"name":"wp","href":"https:\/\/api.w.org\/{rel}","templated":true}]}}