{"id":3155,"date":"2012-10-24T18:46:40","date_gmt":"2012-10-24T18:46:40","guid":{"rendered":"http:\/\/www.ulusiada.pt\/clima\/?page_id=3155"},"modified":"2013-08-16T13:24:11","modified_gmt":"2013-08-16T13:24:11","slug":"lei-do-contrabando","status":"publish","type":"page","link":"https:\/\/www.ulusiada.pt\/clima\/ius-proprium-leis-gerais\/d-afonso-iii\/lei-do-contrabando\/","title":{"rendered":"Lei do contrabando"},"content":{"rendered":"<p>Lei, dirigida \u00e0s justi\u00e7as dos lugares de fronteira, que pro\u00edbe a exporta\u00e7\u00e3o de prata em barra, em moeda e em obra, e bem assim a de peles, panos de cor, coiros, cera e mel, salvo pelos portos por onde entrarem panos de Fran\u00e7a. Fixam-se as penas aplic\u00e1veis aos infractores e respectivo processo.<\/p>\n","protected":false},"excerpt":{"rendered":"<p>Lei, dirigida \u00e0s justi\u00e7as dos lugares de fronteira, que pro\u00edbe a exporta\u00e7\u00e3o de prata em barra, em moeda e em obra, e bem assim a de peles, panos de cor, coiros, cera e mel, salvo pelos portos por onde entrarem &hellip; <a href=\"https:\/\/www.ulusiada.pt\/clima\/ius-proprium-leis-gerais\/d-afonso-iii\/lei-do-contrabando\/\">Continuar a ler <span class=\"meta-nav\">&rarr;<\/span><\/a><\/p>\n","protected":false},"author":1,"featured_media":0,"parent":91,"menu_order":6,"comment_status":"closed","ping_status":"open","template":"lei-page.php","meta":[],"acf":[],"_links":{"self":[{"href":"https:\/\/www.ulusiada.pt\/clima\/wp-json\/wp\/v2\/pages\/3155"}],"collection":[{"href":"https:\/\/www.ulusiada.pt\/clima\/wp-json\/wp\/v2\/pages"}],"about":[{"href":"https:\/\/www.ulusiada.pt\/clima\/wp-json\/wp\/v2\/types\/page"}],"author":[{"embeddable":true,"href":"https:\/\/www.ulusiada.pt\/clima\/wp-json\/wp\/v2\/users\/1"}],"replies":[{"embeddable":true,"href":"https:\/\/www.ulusiada.pt\/clima\/wp-json\/wp\/v2\/comments?post=3155"}],"version-history":[{"count":5,"href":"https:\/\/www.ulusiada.pt\/clima\/wp-json\/wp\/v2\/pages\/3155\/revisions"}],"predecessor-version":[{"id":3157,"href":"https:\/\/www.ulusiada.pt\/clima\/wp-json\/wp\/v2\/pages\/3155\/revisions\/3157"}],"up":[{"embeddable":true,"href":"https:\/\/www.ulusiada.pt\/clima\/wp-json\/wp\/v2\/pages\/91"}],"wp:attachment":[{"href":"https:\/\/www.ulusiada.pt\/clima\/wp-json\/wp\/v2\/media?parent=3155"}],"curies":[{"name":"wp","href":"https:\/\/api.w.org\/{rel}","templated":true}]}}