{"id":318,"date":"2012-03-31T18:54:59","date_gmt":"2012-03-31T18:54:59","guid":{"rendered":"http:\/\/www.ulusiada.pt\/clima\/?page_id=318"},"modified":"2012-05-02T17:28:43","modified_gmt":"2012-05-02T17:28:43","slug":"lei-das-execucoes","status":"publish","type":"page","link":"https:\/\/www.ulusiada.pt\/clima\/ius-proprium-leis-gerais\/d-afonso-ii\/lei-das-execucoes\/","title":{"rendered":"Lei das execu\u00e7\u00f5es"},"content":{"rendered":"<p>Lei sobre a execu\u00e7\u00e3o feita por porteiro de el-rei, que a pode fazer por fuste, por letras ou por si. Se o executado j\u00e1 tiver sido julgado na Corte, o porteiro n\u00e3o lhe receba cau\u00e7\u00e3o e fa\u00e7a a execu\u00e7\u00e3o conforme na senten\u00e7a r\u00e9gia \u00e9 mandado. Se n\u00e3o tiver sido julgado na Corte ou qualquer outro foro, pode o executado dar cau\u00e7\u00e3o ou penhor, perante dois homens bons, para estar a ju\u00edzo: (i) se o porteiro lha n\u00e3o quiser receber, seja testemunhado perante dois homens bons e o executado pode tolher a penhora por for\u00e7a sem coima nenhuma, (ii) se n\u00e3o quiser dar cau\u00e7\u00e3o, n\u00e3o tolha a penhora e se a tolher seja penado em quinhentos soldos.<\/p>\n","protected":false},"excerpt":{"rendered":"<p>Lei sobre a execu\u00e7\u00e3o feita por porteiro de el-rei, que a pode fazer por fuste, por letras ou por si. Se o executado j\u00e1 tiver sido julgado na Corte, o porteiro n\u00e3o lhe receba cau\u00e7\u00e3o e fa\u00e7a a execu\u00e7\u00e3o conforme &hellip; <a href=\"https:\/\/www.ulusiada.pt\/clima\/ius-proprium-leis-gerais\/d-afonso-ii\/lei-das-execucoes\/\">Continuar a ler <span class=\"meta-nav\">&rarr;<\/span><\/a><\/p>\n","protected":false},"author":1,"featured_media":0,"parent":78,"menu_order":9,"comment_status":"closed","ping_status":"open","template":"lei-page.php","meta":[],"acf":[],"_links":{"self":[{"href":"https:\/\/www.ulusiada.pt\/clima\/wp-json\/wp\/v2\/pages\/318"}],"collection":[{"href":"https:\/\/www.ulusiada.pt\/clima\/wp-json\/wp\/v2\/pages"}],"about":[{"href":"https:\/\/www.ulusiada.pt\/clima\/wp-json\/wp\/v2\/types\/page"}],"author":[{"embeddable":true,"href":"https:\/\/www.ulusiada.pt\/clima\/wp-json\/wp\/v2\/users\/1"}],"replies":[{"embeddable":true,"href":"https:\/\/www.ulusiada.pt\/clima\/wp-json\/wp\/v2\/comments?post=318"}],"version-history":[{"count":2,"href":"https:\/\/www.ulusiada.pt\/clima\/wp-json\/wp\/v2\/pages\/318\/revisions"}],"predecessor-version":[{"id":1107,"href":"https:\/\/www.ulusiada.pt\/clima\/wp-json\/wp\/v2\/pages\/318\/revisions\/1107"}],"up":[{"embeddable":true,"href":"https:\/\/www.ulusiada.pt\/clima\/wp-json\/wp\/v2\/pages\/78"}],"wp:attachment":[{"href":"https:\/\/www.ulusiada.pt\/clima\/wp-json\/wp\/v2\/media?parent=318"}],"curies":[{"name":"wp","href":"https:\/\/api.w.org\/{rel}","templated":true}]}}