{"id":3187,"date":"2012-11-12T10:31:38","date_gmt":"2012-11-12T10:31:38","guid":{"rendered":"http:\/\/www.ulusiada.pt\/clima\/?page_id=3187"},"modified":"2013-09-21T14:13:38","modified_gmt":"2013-09-21T14:13:38","slug":"chantre-evora-do-ferimento-em-co-autoria","status":"publish","type":"page","link":"https:\/\/www.ulusiada.pt\/clima\/ius-proprium-costumes-e-estilos-da-corte\/tribunal-da-corte\/chantre-evora-do-ferimento-em-co-autoria\/","title":{"rendered":"Chantre \u00c9vora: do ferimento em co-autoria"},"content":{"rendered":"<p>Direito do chantre de \u00c9vora e costume (<em>he direito per cantorem elborensem e custume<\/em>) sobre a forma de se corrigir a agress\u00e3o perpetrada por v\u00e1rios agressores, distinguindo a ofensa que \u00e9 feita cada um per si ou em conjunto liderado por pessoa certa.<\/p>\n","protected":false},"excerpt":{"rendered":"<p>Direito do chantre de \u00c9vora e costume (he direito per cantorem elborensem e custume) sobre a forma de se corrigir a agress\u00e3o perpetrada por v\u00e1rios agressores, distinguindo a ofensa que \u00e9 feita cada um per si ou em conjunto liderado &hellip; <a href=\"https:\/\/www.ulusiada.pt\/clima\/ius-proprium-costumes-e-estilos-da-corte\/tribunal-da-corte\/chantre-evora-do-ferimento-em-co-autoria\/\">Continuar a ler <span class=\"meta-nav\">&rarr;<\/span><\/a><\/p>\n","protected":false},"author":1,"featured_media":0,"parent":4184,"menu_order":2,"comment_status":"closed","ping_status":"open","template":"lei-page.php","meta":[],"acf":[],"_links":{"self":[{"href":"https:\/\/www.ulusiada.pt\/clima\/wp-json\/wp\/v2\/pages\/3187"}],"collection":[{"href":"https:\/\/www.ulusiada.pt\/clima\/wp-json\/wp\/v2\/pages"}],"about":[{"href":"https:\/\/www.ulusiada.pt\/clima\/wp-json\/wp\/v2\/types\/page"}],"author":[{"embeddable":true,"href":"https:\/\/www.ulusiada.pt\/clima\/wp-json\/wp\/v2\/users\/1"}],"replies":[{"embeddable":true,"href":"https:\/\/www.ulusiada.pt\/clima\/wp-json\/wp\/v2\/comments?post=3187"}],"version-history":[{"count":9,"href":"https:\/\/www.ulusiada.pt\/clima\/wp-json\/wp\/v2\/pages\/3187\/revisions"}],"predecessor-version":[{"id":3190,"href":"https:\/\/www.ulusiada.pt\/clima\/wp-json\/wp\/v2\/pages\/3187\/revisions\/3190"}],"up":[{"embeddable":true,"href":"https:\/\/www.ulusiada.pt\/clima\/wp-json\/wp\/v2\/pages\/4184"}],"wp:attachment":[{"href":"https:\/\/www.ulusiada.pt\/clima\/wp-json\/wp\/v2\/media?parent=3187"}],"curies":[{"name":"wp","href":"https:\/\/api.w.org\/{rel}","templated":true}]}}