{"id":321,"date":"2012-03-31T19:00:59","date_gmt":"2012-03-31T19:00:59","guid":{"rendered":"http:\/\/www.ulusiada.pt\/clima\/?page_id=321"},"modified":"2012-05-02T17:29:12","modified_gmt":"2012-05-02T17:29:12","slug":"lei-proteccao-da-igreja","status":"publish","type":"page","link":"https:\/\/www.ulusiada.pt\/clima\/ius-proprium-leis-gerais\/d-afonso-ii\/lei-proteccao-da-igreja\/","title":{"rendered":"Lei protec\u00e7\u00e3o da Igreja"},"content":{"rendered":"<p>El-rei toma sob a sua protec\u00e7\u00e3o os mosteiros, igrejas e cl\u00e9rigos em geral e determina o procedimento de apresenta\u00e7\u00e3o nas igrejas do seu padroado.<\/p>\n","protected":false},"excerpt":{"rendered":"<p>El-rei toma sob a sua protec\u00e7\u00e3o os mosteiros, igrejas e cl\u00e9rigos em geral e determina o procedimento de apresenta\u00e7\u00e3o nas igrejas do seu padroado.<\/p>\n","protected":false},"author":1,"featured_media":0,"parent":78,"menu_order":10,"comment_status":"closed","ping_status":"open","template":"lei-page.php","meta":[],"acf":[],"_links":{"self":[{"href":"https:\/\/www.ulusiada.pt\/clima\/wp-json\/wp\/v2\/pages\/321"}],"collection":[{"href":"https:\/\/www.ulusiada.pt\/clima\/wp-json\/wp\/v2\/pages"}],"about":[{"href":"https:\/\/www.ulusiada.pt\/clima\/wp-json\/wp\/v2\/types\/page"}],"author":[{"embeddable":true,"href":"https:\/\/www.ulusiada.pt\/clima\/wp-json\/wp\/v2\/users\/1"}],"replies":[{"embeddable":true,"href":"https:\/\/www.ulusiada.pt\/clima\/wp-json\/wp\/v2\/comments?post=321"}],"version-history":[{"count":2,"href":"https:\/\/www.ulusiada.pt\/clima\/wp-json\/wp\/v2\/pages\/321\/revisions"}],"predecessor-version":[{"id":1109,"href":"https:\/\/www.ulusiada.pt\/clima\/wp-json\/wp\/v2\/pages\/321\/revisions\/1109"}],"up":[{"embeddable":true,"href":"https:\/\/www.ulusiada.pt\/clima\/wp-json\/wp\/v2\/pages\/78"}],"wp:attachment":[{"href":"https:\/\/www.ulusiada.pt\/clima\/wp-json\/wp\/v2\/media?parent=321"}],"curies":[{"name":"wp","href":"https:\/\/api.w.org\/{rel}","templated":true}]}}