{"id":3244,"date":"2013-07-30T18:10:02","date_gmt":"2013-07-30T18:10:02","guid":{"rendered":"http:\/\/www.ulusiada.pt\/clima\/?page_id=3244"},"modified":"2013-08-13T17:53:26","modified_gmt":"2013-08-13T17:53:26","slug":"lei-da-mulher-que-se-enforca-numa-arvore","status":"publish","type":"page","link":"https:\/\/www.ulusiada.pt\/clima\/ius-proprium-leis-gerais\/d-afonso-iii\/lei-da-mulher-que-se-enforca-numa-arvore\/","title":{"rendered":"Lei da mulher que se enforca numa \u00e1rvore"},"content":{"rendered":"<p>Lei sobre o caso de mulher que se enforca numa \u00e1rvore e dos consequentes direitos do mordomo, que haver\u00e1 a corda com que se enforcou e n\u00e3o mais.<\/p>\n","protected":false},"excerpt":{"rendered":"<p>Lei sobre o caso de mulher que se enforca numa \u00e1rvore e dos consequentes direitos do mordomo, que haver\u00e1 a corda com que se enforcou e n\u00e3o mais.<\/p>\n","protected":false},"author":1,"featured_media":0,"parent":91,"menu_order":70,"comment_status":"closed","ping_status":"open","template":"lei-page.php","meta":[],"acf":[],"_links":{"self":[{"href":"https:\/\/www.ulusiada.pt\/clima\/wp-json\/wp\/v2\/pages\/3244"}],"collection":[{"href":"https:\/\/www.ulusiada.pt\/clima\/wp-json\/wp\/v2\/pages"}],"about":[{"href":"https:\/\/www.ulusiada.pt\/clima\/wp-json\/wp\/v2\/types\/page"}],"author":[{"embeddable":true,"href":"https:\/\/www.ulusiada.pt\/clima\/wp-json\/wp\/v2\/users\/1"}],"replies":[{"embeddable":true,"href":"https:\/\/www.ulusiada.pt\/clima\/wp-json\/wp\/v2\/comments?post=3244"}],"version-history":[{"count":5,"href":"https:\/\/www.ulusiada.pt\/clima\/wp-json\/wp\/v2\/pages\/3244\/revisions"}],"predecessor-version":[{"id":3247,"href":"https:\/\/www.ulusiada.pt\/clima\/wp-json\/wp\/v2\/pages\/3244\/revisions\/3247"}],"up":[{"embeddable":true,"href":"https:\/\/www.ulusiada.pt\/clima\/wp-json\/wp\/v2\/pages\/91"}],"wp:attachment":[{"href":"https:\/\/www.ulusiada.pt\/clima\/wp-json\/wp\/v2\/media?parent=3244"}],"curies":[{"name":"wp","href":"https:\/\/api.w.org\/{rel}","templated":true}]}}