{"id":3257,"date":"2013-07-30T18:51:15","date_gmt":"2013-07-30T18:51:15","guid":{"rendered":"http:\/\/www.ulusiada.pt\/clima\/?page_id=3257"},"modified":"2013-09-16T11:00:54","modified_gmt":"2013-09-16T11:00:54","slug":"costume-das-doacoes-entre-conjuges","status":"publish","type":"page","link":"https:\/\/www.ulusiada.pt\/clima\/ius-proprium-costumes-e-estilos-da-corte\/tribunal-da-corte\/costume-das-doacoes-entre-conjuges\/","title":{"rendered":"Costume das doa\u00e7\u00f5es entre c\u00f4njuges"},"content":{"rendered":"<p>Costume\u00a0\u00e9 que qualquer doa\u00e7\u00e3o de herdade feita em vida por marido \u00e0 sua mulher passe \u00e0 parti\u00e7\u00e3o na morte dele.<\/p>\n","protected":false},"excerpt":{"rendered":"<p>Costume\u00a0\u00e9 que qualquer doa\u00e7\u00e3o de herdade feita em vida por marido \u00e0 sua mulher passe \u00e0 parti\u00e7\u00e3o na morte dele.<\/p>\n","protected":false},"author":1,"featured_media":0,"parent":4184,"menu_order":1,"comment_status":"closed","ping_status":"open","template":"lei-page.php","meta":[],"acf":[],"_links":{"self":[{"href":"https:\/\/www.ulusiada.pt\/clima\/wp-json\/wp\/v2\/pages\/3257"}],"collection":[{"href":"https:\/\/www.ulusiada.pt\/clima\/wp-json\/wp\/v2\/pages"}],"about":[{"href":"https:\/\/www.ulusiada.pt\/clima\/wp-json\/wp\/v2\/types\/page"}],"author":[{"embeddable":true,"href":"https:\/\/www.ulusiada.pt\/clima\/wp-json\/wp\/v2\/users\/1"}],"replies":[{"embeddable":true,"href":"https:\/\/www.ulusiada.pt\/clima\/wp-json\/wp\/v2\/comments?post=3257"}],"version-history":[{"count":5,"href":"https:\/\/www.ulusiada.pt\/clima\/wp-json\/wp\/v2\/pages\/3257\/revisions"}],"predecessor-version":[{"id":3259,"href":"https:\/\/www.ulusiada.pt\/clima\/wp-json\/wp\/v2\/pages\/3257\/revisions\/3259"}],"up":[{"embeddable":true,"href":"https:\/\/www.ulusiada.pt\/clima\/wp-json\/wp\/v2\/pages\/4184"}],"wp:attachment":[{"href":"https:\/\/www.ulusiada.pt\/clima\/wp-json\/wp\/v2\/media?parent=3257"}],"curies":[{"name":"wp","href":"https:\/\/api.w.org\/{rel}","templated":true}]}}