{"id":3260,"date":"2013-07-30T18:58:30","date_gmt":"2013-07-30T18:58:30","guid":{"rendered":"http:\/\/www.ulusiada.pt\/clima\/?page_id=3260"},"modified":"2013-08-14T14:42:15","modified_gmt":"2013-08-14T14:42:15","slug":"lei-que-limita-doacoes-entre-conjuges","status":"publish","type":"page","link":"https:\/\/www.ulusiada.pt\/clima\/ius-proprium-leis-gerais\/d-afonso-iii\/lei-que-limita-doacoes-entre-conjuges\/","title":{"rendered":"Lei que limita doa\u00e7\u00f5es entre c\u00f4njuges"},"content":{"rendered":"<p>Lei que limita doa\u00e7\u00f5es entre c\u00f4njuges.<\/p>\n","protected":false},"excerpt":{"rendered":"<p>Lei que limita doa\u00e7\u00f5es entre c\u00f4njuges.<\/p>\n","protected":false},"author":1,"featured_media":0,"parent":91,"menu_order":74,"comment_status":"closed","ping_status":"open","template":"lei-page.php","meta":[],"acf":[],"_links":{"self":[{"href":"https:\/\/www.ulusiada.pt\/clima\/wp-json\/wp\/v2\/pages\/3260"}],"collection":[{"href":"https:\/\/www.ulusiada.pt\/clima\/wp-json\/wp\/v2\/pages"}],"about":[{"href":"https:\/\/www.ulusiada.pt\/clima\/wp-json\/wp\/v2\/types\/page"}],"author":[{"embeddable":true,"href":"https:\/\/www.ulusiada.pt\/clima\/wp-json\/wp\/v2\/users\/1"}],"replies":[{"embeddable":true,"href":"https:\/\/www.ulusiada.pt\/clima\/wp-json\/wp\/v2\/comments?post=3260"}],"version-history":[{"count":4,"href":"https:\/\/www.ulusiada.pt\/clima\/wp-json\/wp\/v2\/pages\/3260\/revisions"}],"predecessor-version":[{"id":3262,"href":"https:\/\/www.ulusiada.pt\/clima\/wp-json\/wp\/v2\/pages\/3260\/revisions\/3262"}],"up":[{"embeddable":true,"href":"https:\/\/www.ulusiada.pt\/clima\/wp-json\/wp\/v2\/pages\/91"}],"wp:attachment":[{"href":"https:\/\/www.ulusiada.pt\/clima\/wp-json\/wp\/v2\/media?parent=3260"}],"curies":[{"name":"wp","href":"https:\/\/api.w.org\/{rel}","templated":true}]}}