{"id":3277,"date":"2013-08-01T09:45:03","date_gmt":"2013-08-01T09:45:03","guid":{"rendered":"http:\/\/www.ulusiada.pt\/clima\/?page_id=3277"},"modified":"2013-08-01T09:45:03","modified_gmt":"2013-08-01T09:45:03","slug":"lei-da-heranca-dos-filhos-ilegitimos","status":"publish","type":"page","link":"https:\/\/www.ulusiada.pt\/clima\/ius-proprium-leis-gerais\/d-afonso-iii\/lei-da-heranca-dos-filhos-ilegitimos\/","title":{"rendered":"Lei da heran\u00e7a dos filhos ileg\u00edtimos"},"content":{"rendered":"<p>Lei que determina que os filhos de pe\u00e3o solteiro e barreg\u00e3 concorram, na sucess\u00e3o de seu pai, com os filhos lig\u00edtimos posteriores ao casamento.<\/p>\n","protected":false},"excerpt":{"rendered":"<p>Lei que determina que os filhos de pe\u00e3o solteiro e barreg\u00e3 concorram, na sucess\u00e3o de seu pai, com os filhos lig\u00edtimos posteriores ao casamento.<\/p>\n","protected":false},"author":1,"featured_media":0,"parent":91,"menu_order":78,"comment_status":"closed","ping_status":"open","template":"lei-page.php","meta":[],"acf":[],"_links":{"self":[{"href":"https:\/\/www.ulusiada.pt\/clima\/wp-json\/wp\/v2\/pages\/3277"}],"collection":[{"href":"https:\/\/www.ulusiada.pt\/clima\/wp-json\/wp\/v2\/pages"}],"about":[{"href":"https:\/\/www.ulusiada.pt\/clima\/wp-json\/wp\/v2\/types\/page"}],"author":[{"embeddable":true,"href":"https:\/\/www.ulusiada.pt\/clima\/wp-json\/wp\/v2\/users\/1"}],"replies":[{"embeddable":true,"href":"https:\/\/www.ulusiada.pt\/clima\/wp-json\/wp\/v2\/comments?post=3277"}],"version-history":[{"count":2,"href":"https:\/\/www.ulusiada.pt\/clima\/wp-json\/wp\/v2\/pages\/3277\/revisions"}],"predecessor-version":[{"id":3279,"href":"https:\/\/www.ulusiada.pt\/clima\/wp-json\/wp\/v2\/pages\/3277\/revisions\/3279"}],"up":[{"embeddable":true,"href":"https:\/\/www.ulusiada.pt\/clima\/wp-json\/wp\/v2\/pages\/91"}],"wp:attachment":[{"href":"https:\/\/www.ulusiada.pt\/clima\/wp-json\/wp\/v2\/media?parent=3277"}],"curies":[{"name":"wp","href":"https:\/\/api.w.org\/{rel}","templated":true}]}}