{"id":3280,"date":"2013-08-01T09:50:54","date_gmt":"2013-08-01T09:50:54","guid":{"rendered":"http:\/\/www.ulusiada.pt\/clima\/?page_id=3280"},"modified":"2013-08-01T10:00:10","modified_gmt":"2013-08-01T10:00:10","slug":"lei-sobre-as-barregas","status":"publish","type":"page","link":"https:\/\/www.ulusiada.pt\/clima\/ius-proprium-leis-gerais\/d-afonso-iii\/lei-sobre-as-barregas\/","title":{"rendered":"Lei sobre as barreg\u00e3s"},"content":{"rendered":"<p>Lei que proibe que homem casado possa instituir herdeira, vender ou fazer doa\u00e7\u00e3o \u00e0 sua barreg\u00e3<\/p>\n","protected":false},"excerpt":{"rendered":"<p>Lei que proibe que homem casado possa instituir herdeira, vender ou fazer doa\u00e7\u00e3o \u00e0 sua barreg\u00e3<\/p>\n","protected":false},"author":1,"featured_media":0,"parent":91,"menu_order":79,"comment_status":"closed","ping_status":"open","template":"lei-page.php","meta":[],"acf":[],"_links":{"self":[{"href":"https:\/\/www.ulusiada.pt\/clima\/wp-json\/wp\/v2\/pages\/3280"}],"collection":[{"href":"https:\/\/www.ulusiada.pt\/clima\/wp-json\/wp\/v2\/pages"}],"about":[{"href":"https:\/\/www.ulusiada.pt\/clima\/wp-json\/wp\/v2\/types\/page"}],"author":[{"embeddable":true,"href":"https:\/\/www.ulusiada.pt\/clima\/wp-json\/wp\/v2\/users\/1"}],"replies":[{"embeddable":true,"href":"https:\/\/www.ulusiada.pt\/clima\/wp-json\/wp\/v2\/comments?post=3280"}],"version-history":[{"count":3,"href":"https:\/\/www.ulusiada.pt\/clima\/wp-json\/wp\/v2\/pages\/3280\/revisions"}],"predecessor-version":[{"id":3282,"href":"https:\/\/www.ulusiada.pt\/clima\/wp-json\/wp\/v2\/pages\/3280\/revisions\/3282"}],"up":[{"embeddable":true,"href":"https:\/\/www.ulusiada.pt\/clima\/wp-json\/wp\/v2\/pages\/91"}],"wp:attachment":[{"href":"https:\/\/www.ulusiada.pt\/clima\/wp-json\/wp\/v2\/media?parent=3280"}],"curies":[{"name":"wp","href":"https:\/\/api.w.org\/{rel}","templated":true}]}}