{"id":3283,"date":"2013-08-01T09:57:50","date_gmt":"2013-08-01T09:57:50","guid":{"rendered":"http:\/\/www.ulusiada.pt\/clima\/?page_id=3283"},"modified":"2013-08-01T09:59:06","modified_gmt":"2013-08-01T09:59:06","slug":"lei-das-barregas","status":"publish","type":"page","link":"https:\/\/www.ulusiada.pt\/clima\/ius-proprium-leis-gerais\/d-afonso-iii\/lei-das-barregas\/","title":{"rendered":"Lei das barreg\u00e3s"},"content":{"rendered":"<p>Lei que proibe que homem casado d\u00ea qualquer coisa \u00e0 sua barreg\u00e3 .<\/p>\n","protected":false},"excerpt":{"rendered":"<p>Lei que proibe que homem casado d\u00ea qualquer coisa \u00e0 sua barreg\u00e3 .<\/p>\n","protected":false},"author":1,"featured_media":0,"parent":91,"menu_order":80,"comment_status":"closed","ping_status":"open","template":"lei-page.php","meta":[],"acf":[],"_links":{"self":[{"href":"https:\/\/www.ulusiada.pt\/clima\/wp-json\/wp\/v2\/pages\/3283"}],"collection":[{"href":"https:\/\/www.ulusiada.pt\/clima\/wp-json\/wp\/v2\/pages"}],"about":[{"href":"https:\/\/www.ulusiada.pt\/clima\/wp-json\/wp\/v2\/types\/page"}],"author":[{"embeddable":true,"href":"https:\/\/www.ulusiada.pt\/clima\/wp-json\/wp\/v2\/users\/1"}],"replies":[{"embeddable":true,"href":"https:\/\/www.ulusiada.pt\/clima\/wp-json\/wp\/v2\/comments?post=3283"}],"version-history":[{"count":4,"href":"https:\/\/www.ulusiada.pt\/clima\/wp-json\/wp\/v2\/pages\/3283\/revisions"}],"predecessor-version":[{"id":3285,"href":"https:\/\/www.ulusiada.pt\/clima\/wp-json\/wp\/v2\/pages\/3283\/revisions\/3285"}],"up":[{"embeddable":true,"href":"https:\/\/www.ulusiada.pt\/clima\/wp-json\/wp\/v2\/pages\/91"}],"wp:attachment":[{"href":"https:\/\/www.ulusiada.pt\/clima\/wp-json\/wp\/v2\/media?parent=3283"}],"curies":[{"name":"wp","href":"https:\/\/api.w.org\/{rel}","templated":true}]}}