{"id":3289,"date":"2013-08-01T10:07:16","date_gmt":"2013-08-01T10:07:16","guid":{"rendered":"http:\/\/www.ulusiada.pt\/clima\/?page_id=3289"},"modified":"2013-09-16T11:02:01","modified_gmt":"2013-09-16T11:02:01","slug":"costume-que-restringe-o-direito-de-avoenga","status":"publish","type":"page","link":"https:\/\/www.ulusiada.pt\/clima\/ius-proprium-costumes-e-estilos-da-corte\/tribunal-da-corte\/costume-que-restringe-o-direito-de-avoenga\/","title":{"rendered":"Costume que restringe o direito de avoenga"},"content":{"rendered":"<p>Costume (<em>Outrossy he custume<\/em>)\u00a0que determina que os filhos de pe\u00e3o solteiro e de barreg\u00e3 n\u00e3o possam exercer o direito de prefer\u00eancia sobre bens de avoenga quando concorram com filhos leg\u00edtimos de seu pai.<\/p>\n","protected":false},"excerpt":{"rendered":"<p>Costume (Outrossy he custume)\u00a0que determina que os filhos de pe\u00e3o solteiro e de barreg\u00e3 n\u00e3o possam exercer o direito de prefer\u00eancia sobre bens de avoenga quando concorram com filhos leg\u00edtimos de seu pai.<\/p>\n","protected":false},"author":1,"featured_media":0,"parent":4184,"menu_order":1,"comment_status":"closed","ping_status":"open","template":"lei-page.php","meta":[],"acf":[],"_links":{"self":[{"href":"https:\/\/www.ulusiada.pt\/clima\/wp-json\/wp\/v2\/pages\/3289"}],"collection":[{"href":"https:\/\/www.ulusiada.pt\/clima\/wp-json\/wp\/v2\/pages"}],"about":[{"href":"https:\/\/www.ulusiada.pt\/clima\/wp-json\/wp\/v2\/types\/page"}],"author":[{"embeddable":true,"href":"https:\/\/www.ulusiada.pt\/clima\/wp-json\/wp\/v2\/users\/1"}],"replies":[{"embeddable":true,"href":"https:\/\/www.ulusiada.pt\/clima\/wp-json\/wp\/v2\/comments?post=3289"}],"version-history":[{"count":4,"href":"https:\/\/www.ulusiada.pt\/clima\/wp-json\/wp\/v2\/pages\/3289\/revisions"}],"predecessor-version":[{"id":3291,"href":"https:\/\/www.ulusiada.pt\/clima\/wp-json\/wp\/v2\/pages\/3289\/revisions\/3291"}],"up":[{"embeddable":true,"href":"https:\/\/www.ulusiada.pt\/clima\/wp-json\/wp\/v2\/pages\/4184"}],"wp:attachment":[{"href":"https:\/\/www.ulusiada.pt\/clima\/wp-json\/wp\/v2\/media?parent=3289"}],"curies":[{"name":"wp","href":"https:\/\/api.w.org\/{rel}","templated":true}]}}