{"id":3292,"date":"2013-08-01T10:17:19","date_gmt":"2013-08-01T10:17:19","guid":{"rendered":"http:\/\/www.ulusiada.pt\/clima\/?page_id=3292"},"modified":"2013-09-16T11:04:30","modified_gmt":"2013-09-16T11:04:30","slug":"costume-do-chamamento-a-colacao-dos-filhos","status":"publish","type":"page","link":"https:\/\/www.ulusiada.pt\/clima\/ius-proprium-costumes-e-estilos-da-corte\/tribunal-da-corte\/costume-do-chamamento-a-colacao-dos-filhos\/","title":{"rendered":"Costume do chamamento \u00e0 cola\u00e7\u00e3o dos filhos"},"content":{"rendered":"<p>Costume da casa de el-rei\u00a0que estabelece que os bens recebidos por filho em vida dos pais, \u00e0 sua morte, sejam chamados \u00e0 cola\u00e7\u00e3o.<\/p>\n","protected":false},"excerpt":{"rendered":"<p>Costume da casa de el-rei\u00a0que estabelece que os bens recebidos por filho em vida dos pais, \u00e0 sua morte, sejam chamados \u00e0 cola\u00e7\u00e3o.<\/p>\n","protected":false},"author":1,"featured_media":0,"parent":4184,"menu_order":1,"comment_status":"closed","ping_status":"open","template":"lei-page.php","meta":[],"acf":[],"_links":{"self":[{"href":"https:\/\/www.ulusiada.pt\/clima\/wp-json\/wp\/v2\/pages\/3292"}],"collection":[{"href":"https:\/\/www.ulusiada.pt\/clima\/wp-json\/wp\/v2\/pages"}],"about":[{"href":"https:\/\/www.ulusiada.pt\/clima\/wp-json\/wp\/v2\/types\/page"}],"author":[{"embeddable":true,"href":"https:\/\/www.ulusiada.pt\/clima\/wp-json\/wp\/v2\/users\/1"}],"replies":[{"embeddable":true,"href":"https:\/\/www.ulusiada.pt\/clima\/wp-json\/wp\/v2\/comments?post=3292"}],"version-history":[{"count":8,"href":"https:\/\/www.ulusiada.pt\/clima\/wp-json\/wp\/v2\/pages\/3292\/revisions"}],"predecessor-version":[{"id":3294,"href":"https:\/\/www.ulusiada.pt\/clima\/wp-json\/wp\/v2\/pages\/3292\/revisions\/3294"}],"up":[{"embeddable":true,"href":"https:\/\/www.ulusiada.pt\/clima\/wp-json\/wp\/v2\/pages\/4184"}],"wp:attachment":[{"href":"https:\/\/www.ulusiada.pt\/clima\/wp-json\/wp\/v2\/media?parent=3292"}],"curies":[{"name":"wp","href":"https:\/\/api.w.org\/{rel}","templated":true}]}}