{"id":3295,"date":"2013-08-01T10:26:00","date_gmt":"2013-08-01T10:26:00","guid":{"rendered":"http:\/\/www.ulusiada.pt\/clima\/?page_id=3295"},"modified":"2013-08-01T10:26:00","modified_gmt":"2013-08-01T10:26:00","slug":"lei-das-acoes-entre-parentes","status":"publish","type":"page","link":"https:\/\/www.ulusiada.pt\/clima\/ius-proprium-leis-gerais\/d-afonso-iii\/lei-das-acoes-entre-parentes\/","title":{"rendered":"Lei das a\u00e7\u00f5es entre parentes"},"content":{"rendered":"<p>Lei que regula as ac\u00e7\u00f5es intentadas pelos filhos contra os pais e entre irm\u00e3os.<\/p>\n","protected":false},"excerpt":{"rendered":"<p>Lei que regula as ac\u00e7\u00f5es intentadas pelos filhos contra os pais e entre irm\u00e3os.<\/p>\n","protected":false},"author":1,"featured_media":0,"parent":91,"menu_order":83,"comment_status":"closed","ping_status":"open","template":"lei-page.php","meta":[],"acf":[],"_links":{"self":[{"href":"https:\/\/www.ulusiada.pt\/clima\/wp-json\/wp\/v2\/pages\/3295"}],"collection":[{"href":"https:\/\/www.ulusiada.pt\/clima\/wp-json\/wp\/v2\/pages"}],"about":[{"href":"https:\/\/www.ulusiada.pt\/clima\/wp-json\/wp\/v2\/types\/page"}],"author":[{"embeddable":true,"href":"https:\/\/www.ulusiada.pt\/clima\/wp-json\/wp\/v2\/users\/1"}],"replies":[{"embeddable":true,"href":"https:\/\/www.ulusiada.pt\/clima\/wp-json\/wp\/v2\/comments?post=3295"}],"version-history":[{"count":2,"href":"https:\/\/www.ulusiada.pt\/clima\/wp-json\/wp\/v2\/pages\/3295\/revisions"}],"predecessor-version":[{"id":3297,"href":"https:\/\/www.ulusiada.pt\/clima\/wp-json\/wp\/v2\/pages\/3295\/revisions\/3297"}],"up":[{"embeddable":true,"href":"https:\/\/www.ulusiada.pt\/clima\/wp-json\/wp\/v2\/pages\/91"}],"wp:attachment":[{"href":"https:\/\/www.ulusiada.pt\/clima\/wp-json\/wp\/v2\/media?parent=3295"}],"curies":[{"name":"wp","href":"https:\/\/api.w.org\/{rel}","templated":true}]}}