{"id":3298,"date":"2013-08-01T10:35:47","date_gmt":"2013-08-01T10:35:47","guid":{"rendered":"http:\/\/www.ulusiada.pt\/clima\/?page_id=3298"},"modified":"2013-08-13T11:01:44","modified_gmt":"2013-08-13T11:01:44","slug":"lei-do-chamamento-a-colacao-dos-netos","status":"publish","type":"page","link":"https:\/\/www.ulusiada.pt\/clima\/ius-proprium-leis-gerais\/d-afonso-iii\/lei-do-chamamento-a-colacao-dos-netos\/","title":{"rendered":"Lei do chamamento \u00e0 cola\u00e7\u00e3o dos netos"},"content":{"rendered":"<p>Lei para que aquilo que os av\u00f4s doam aos netos em vida seja trazidos \u00e0 cola\u00e7\u00e3o.<\/p>\n","protected":false},"excerpt":{"rendered":"<p>Lei para que aquilo que os av\u00f4s doam aos netos em vida seja trazidos \u00e0 cola\u00e7\u00e3o.<\/p>\n","protected":false},"author":1,"featured_media":0,"parent":91,"menu_order":83,"comment_status":"closed","ping_status":"open","template":"lei-page.php","meta":[],"acf":[],"_links":{"self":[{"href":"https:\/\/www.ulusiada.pt\/clima\/wp-json\/wp\/v2\/pages\/3298"}],"collection":[{"href":"https:\/\/www.ulusiada.pt\/clima\/wp-json\/wp\/v2\/pages"}],"about":[{"href":"https:\/\/www.ulusiada.pt\/clima\/wp-json\/wp\/v2\/types\/page"}],"author":[{"embeddable":true,"href":"https:\/\/www.ulusiada.pt\/clima\/wp-json\/wp\/v2\/users\/1"}],"replies":[{"embeddable":true,"href":"https:\/\/www.ulusiada.pt\/clima\/wp-json\/wp\/v2\/comments?post=3298"}],"version-history":[{"count":3,"href":"https:\/\/www.ulusiada.pt\/clima\/wp-json\/wp\/v2\/pages\/3298\/revisions"}],"predecessor-version":[{"id":3300,"href":"https:\/\/www.ulusiada.pt\/clima\/wp-json\/wp\/v2\/pages\/3298\/revisions\/3300"}],"up":[{"embeddable":true,"href":"https:\/\/www.ulusiada.pt\/clima\/wp-json\/wp\/v2\/pages\/91"}],"wp:attachment":[{"href":"https:\/\/www.ulusiada.pt\/clima\/wp-json\/wp\/v2\/media?parent=3298"}],"curies":[{"name":"wp","href":"https:\/\/api.w.org\/{rel}","templated":true}]}}