{"id":3305,"date":"2013-08-01T10:57:26","date_gmt":"2013-08-01T10:57:26","guid":{"rendered":"http:\/\/www.ulusiada.pt\/clima\/?page_id=3305"},"modified":"2013-09-16T11:06:54","modified_gmt":"2013-09-16T11:06:54","slug":"costume-da-prescricao-entre-irmaos","status":"publish","type":"page","link":"https:\/\/www.ulusiada.pt\/clima\/ius-proprium-costumes-e-estilos-da-corte\/tribunal-da-corte\/costume-da-prescricao-entre-irmaos\/","title":{"rendered":"Costume da prescri\u00e7\u00e3o entre irm\u00e3os"},"content":{"rendered":"<p>Costume da Casa de el-rei (<em>Costume he en casa delRey<\/em>)\u00a0para que irm\u00e3o contra irm\u00e3o n\u00e3o possa prescrever a heran\u00e7a.<\/p>\n","protected":false},"excerpt":{"rendered":"<p>Costume da Casa de el-rei (Costume he en casa delRey)\u00a0para que irm\u00e3o contra irm\u00e3o n\u00e3o possa prescrever a heran\u00e7a.<\/p>\n","protected":false},"author":1,"featured_media":0,"parent":4184,"menu_order":1,"comment_status":"closed","ping_status":"open","template":"lei-page.php","meta":[],"acf":[],"_links":{"self":[{"href":"https:\/\/www.ulusiada.pt\/clima\/wp-json\/wp\/v2\/pages\/3305"}],"collection":[{"href":"https:\/\/www.ulusiada.pt\/clima\/wp-json\/wp\/v2\/pages"}],"about":[{"href":"https:\/\/www.ulusiada.pt\/clima\/wp-json\/wp\/v2\/types\/page"}],"author":[{"embeddable":true,"href":"https:\/\/www.ulusiada.pt\/clima\/wp-json\/wp\/v2\/users\/1"}],"replies":[{"embeddable":true,"href":"https:\/\/www.ulusiada.pt\/clima\/wp-json\/wp\/v2\/comments?post=3305"}],"version-history":[{"count":4,"href":"https:\/\/www.ulusiada.pt\/clima\/wp-json\/wp\/v2\/pages\/3305\/revisions"}],"predecessor-version":[{"id":3307,"href":"https:\/\/www.ulusiada.pt\/clima\/wp-json\/wp\/v2\/pages\/3305\/revisions\/3307"}],"up":[{"embeddable":true,"href":"https:\/\/www.ulusiada.pt\/clima\/wp-json\/wp\/v2\/pages\/4184"}],"wp:attachment":[{"href":"https:\/\/www.ulusiada.pt\/clima\/wp-json\/wp\/v2\/media?parent=3305"}],"curies":[{"name":"wp","href":"https:\/\/api.w.org\/{rel}","templated":true}]}}