{"id":331,"date":"2012-04-01T10:22:12","date_gmt":"2012-04-01T10:22:12","guid":{"rendered":"http:\/\/www.ulusiada.pt\/clima\/?page_id=331"},"modified":"2012-05-02T17:30:19","modified_gmt":"2012-05-02T17:30:19","slug":"lei-contra-ordem-do-hospital","status":"publish","type":"page","link":"https:\/\/www.ulusiada.pt\/clima\/ius-proprium-leis-gerais\/d-afonso-ii\/lei-contra-ordem-do-hospital\/","title":{"rendered":"Lei contra Ordem do Hospital"},"content":{"rendered":"<p>Lei que estabelece como devem ser cobrados os foro das herdades r\u00e9gias, combatendo, sobretudo, o abuso da Ordem do Hospital que, indevidamente e contra os direitos r\u00e9gios, obrigava os lavradores e vil\u00e3os ao pagamento de foros certos e demarcava essas herdades com sinais e cruzes. Imp\u00f5e-se que essas herdades voltem ao estado em que estavam antes, tolhendo-se os sinais e cruzes indevidamente feitos.<\/p>\n","protected":false},"excerpt":{"rendered":"<p>Lei que estabelece como devem ser cobrados os foro das herdades r\u00e9gias, combatendo, sobretudo, o abuso da Ordem do Hospital que, indevidamente e contra os direitos r\u00e9gios, obrigava os lavradores e vil\u00e3os ao pagamento de foros certos e demarcava essas &hellip; <a href=\"https:\/\/www.ulusiada.pt\/clima\/ius-proprium-leis-gerais\/d-afonso-ii\/lei-contra-ordem-do-hospital\/\">Continuar a ler <span class=\"meta-nav\">&rarr;<\/span><\/a><\/p>\n","protected":false},"author":1,"featured_media":0,"parent":78,"menu_order":12,"comment_status":"closed","ping_status":"open","template":"lei-page.php","meta":[],"acf":[],"_links":{"self":[{"href":"https:\/\/www.ulusiada.pt\/clima\/wp-json\/wp\/v2\/pages\/331"}],"collection":[{"href":"https:\/\/www.ulusiada.pt\/clima\/wp-json\/wp\/v2\/pages"}],"about":[{"href":"https:\/\/www.ulusiada.pt\/clima\/wp-json\/wp\/v2\/types\/page"}],"author":[{"embeddable":true,"href":"https:\/\/www.ulusiada.pt\/clima\/wp-json\/wp\/v2\/users\/1"}],"replies":[{"embeddable":true,"href":"https:\/\/www.ulusiada.pt\/clima\/wp-json\/wp\/v2\/comments?post=331"}],"version-history":[{"count":3,"href":"https:\/\/www.ulusiada.pt\/clima\/wp-json\/wp\/v2\/pages\/331\/revisions"}],"predecessor-version":[{"id":772,"href":"https:\/\/www.ulusiada.pt\/clima\/wp-json\/wp\/v2\/pages\/331\/revisions\/772"}],"up":[{"embeddable":true,"href":"https:\/\/www.ulusiada.pt\/clima\/wp-json\/wp\/v2\/pages\/78"}],"wp:attachment":[{"href":"https:\/\/www.ulusiada.pt\/clima\/wp-json\/wp\/v2\/media?parent=331"}],"curies":[{"name":"wp","href":"https:\/\/api.w.org\/{rel}","templated":true}]}}