{"id":3315,"date":"2013-08-01T12:14:53","date_gmt":"2013-08-01T12:14:53","guid":{"rendered":"http:\/\/www.ulusiada.pt\/clima\/?page_id=3315"},"modified":"2013-08-01T12:14:53","modified_gmt":"2013-08-01T12:14:53","slug":"lei-da-heranca-jacente","status":"publish","type":"page","link":"https:\/\/www.ulusiada.pt\/clima\/ius-proprium-leis-gerais\/d-afonso-iii\/lei-da-heranca-jacente\/","title":{"rendered":"Lei da heran\u00e7a jacente"},"content":{"rendered":"<p>Lei sobre a heran\u00e7a jacente: para que em caso de morte de um dos c\u00f4njuges, enquanto se n\u00e3o efectuarem as partilhas, todos os ganhos que advierem dos bens do falecido s\u00e3o comunais e devem entrar nas partilhas com os filhos.<\/p>\n","protected":false},"excerpt":{"rendered":"<p>Lei sobre a heran\u00e7a jacente: para que em caso de morte de um dos c\u00f4njuges, enquanto se n\u00e3o efectuarem as partilhas, todos os ganhos que advierem dos bens do falecido s\u00e3o comunais e devem entrar nas partilhas com os filhos.<\/p>\n","protected":false},"author":1,"featured_media":0,"parent":91,"menu_order":88,"comment_status":"closed","ping_status":"open","template":"lei-page.php","meta":[],"acf":[],"_links":{"self":[{"href":"https:\/\/www.ulusiada.pt\/clima\/wp-json\/wp\/v2\/pages\/3315"}],"collection":[{"href":"https:\/\/www.ulusiada.pt\/clima\/wp-json\/wp\/v2\/pages"}],"about":[{"href":"https:\/\/www.ulusiada.pt\/clima\/wp-json\/wp\/v2\/types\/page"}],"author":[{"embeddable":true,"href":"https:\/\/www.ulusiada.pt\/clima\/wp-json\/wp\/v2\/users\/1"}],"replies":[{"embeddable":true,"href":"https:\/\/www.ulusiada.pt\/clima\/wp-json\/wp\/v2\/comments?post=3315"}],"version-history":[{"count":2,"href":"https:\/\/www.ulusiada.pt\/clima\/wp-json\/wp\/v2\/pages\/3315\/revisions"}],"predecessor-version":[{"id":3317,"href":"https:\/\/www.ulusiada.pt\/clima\/wp-json\/wp\/v2\/pages\/3315\/revisions\/3317"}],"up":[{"embeddable":true,"href":"https:\/\/www.ulusiada.pt\/clima\/wp-json\/wp\/v2\/pages\/91"}],"wp:attachment":[{"href":"https:\/\/www.ulusiada.pt\/clima\/wp-json\/wp\/v2\/media?parent=3315"}],"curies":[{"name":"wp","href":"https:\/\/api.w.org\/{rel}","templated":true}]}}