{"id":3335,"date":"2013-08-01T14:07:33","date_gmt":"2013-08-01T14:07:33","guid":{"rendered":"http:\/\/www.ulusiada.pt\/clima\/?page_id=3335"},"modified":"2013-08-01T14:07:58","modified_gmt":"2013-08-01T14:07:58","slug":"lei-das-testadas-das-propriedades-2","status":"publish","type":"page","link":"https:\/\/www.ulusiada.pt\/clima\/ius-proprium-leis-gerais\/d-afonso-iii\/lei-das-testadas-das-propriedades-2\/","title":{"rendered":"Lei das testadas das propriedades"},"content":{"rendered":"<p>Lei sobre o caminho p\u00fablico que estiver destru\u00eddo na testeira de alguma herdade e o dono da herdade o n\u00e3o quer mandar tapar, que passem pela herdade sem qualquer penaliza\u00e7\u00e3o.<\/p>\n","protected":false},"excerpt":{"rendered":"<p>Lei sobre o caminho p\u00fablico que estiver destru\u00eddo na testeira de alguma herdade e o dono da herdade o n\u00e3o quer mandar tapar, que passem pela herdade sem qualquer penaliza\u00e7\u00e3o.<\/p>\n","protected":false},"author":1,"featured_media":0,"parent":91,"menu_order":93,"comment_status":"closed","ping_status":"open","template":"lei-page.php","meta":[],"acf":[],"_links":{"self":[{"href":"https:\/\/www.ulusiada.pt\/clima\/wp-json\/wp\/v2\/pages\/3335"}],"collection":[{"href":"https:\/\/www.ulusiada.pt\/clima\/wp-json\/wp\/v2\/pages"}],"about":[{"href":"https:\/\/www.ulusiada.pt\/clima\/wp-json\/wp\/v2\/types\/page"}],"author":[{"embeddable":true,"href":"https:\/\/www.ulusiada.pt\/clima\/wp-json\/wp\/v2\/users\/1"}],"replies":[{"embeddable":true,"href":"https:\/\/www.ulusiada.pt\/clima\/wp-json\/wp\/v2\/comments?post=3335"}],"version-history":[{"count":3,"href":"https:\/\/www.ulusiada.pt\/clima\/wp-json\/wp\/v2\/pages\/3335\/revisions"}],"predecessor-version":[{"id":3337,"href":"https:\/\/www.ulusiada.pt\/clima\/wp-json\/wp\/v2\/pages\/3335\/revisions\/3337"}],"up":[{"embeddable":true,"href":"https:\/\/www.ulusiada.pt\/clima\/wp-json\/wp\/v2\/pages\/91"}],"wp:attachment":[{"href":"https:\/\/www.ulusiada.pt\/clima\/wp-json\/wp\/v2\/media?parent=3335"}],"curies":[{"name":"wp","href":"https:\/\/api.w.org\/{rel}","templated":true}]}}