{"id":3346,"date":"2013-08-01T14:55:07","date_gmt":"2013-08-01T14:55:07","guid":{"rendered":"http:\/\/www.ulusiada.pt\/clima\/?page_id=3346"},"modified":"2013-09-16T10:09:36","modified_gmt":"2013-09-16T10:09:36","slug":"estilo-da-corte-sobre-o-direito-comum","status":"publish","type":"page","link":"https:\/\/www.ulusiada.pt\/clima\/ius-proprium-costumes-e-estilos-da-corte\/tribunal-da-corte\/estilo-da-corte-sobre-o-direito-comum\/","title":{"rendered":"Estilo da corte sobre o Direito comum"},"content":{"rendered":"<p>Estilo da Corte (<em>Julgado he en casa dElRey<\/em>)\u00a0que determina que n\u00e3o se alegue t\u00edtulo de posse em contr\u00e1rio ao direito comum.<\/p>\n","protected":false},"excerpt":{"rendered":"<p>Estilo da Corte (Julgado he en casa dElRey)\u00a0que determina que n\u00e3o se alegue t\u00edtulo de posse em contr\u00e1rio ao direito comum.<\/p>\n","protected":false},"author":1,"featured_media":0,"parent":4184,"menu_order":0,"comment_status":"closed","ping_status":"open","template":"lei-page.php","meta":[],"acf":[],"_links":{"self":[{"href":"https:\/\/www.ulusiada.pt\/clima\/wp-json\/wp\/v2\/pages\/3346"}],"collection":[{"href":"https:\/\/www.ulusiada.pt\/clima\/wp-json\/wp\/v2\/pages"}],"about":[{"href":"https:\/\/www.ulusiada.pt\/clima\/wp-json\/wp\/v2\/types\/page"}],"author":[{"embeddable":true,"href":"https:\/\/www.ulusiada.pt\/clima\/wp-json\/wp\/v2\/users\/1"}],"replies":[{"embeddable":true,"href":"https:\/\/www.ulusiada.pt\/clima\/wp-json\/wp\/v2\/comments?post=3346"}],"version-history":[{"count":5,"href":"https:\/\/www.ulusiada.pt\/clima\/wp-json\/wp\/v2\/pages\/3346\/revisions"}],"predecessor-version":[{"id":3348,"href":"https:\/\/www.ulusiada.pt\/clima\/wp-json\/wp\/v2\/pages\/3346\/revisions\/3348"}],"up":[{"embeddable":true,"href":"https:\/\/www.ulusiada.pt\/clima\/wp-json\/wp\/v2\/pages\/4184"}],"wp:attachment":[{"href":"https:\/\/www.ulusiada.pt\/clima\/wp-json\/wp\/v2\/media?parent=3346"}],"curies":[{"name":"wp","href":"https:\/\/api.w.org\/{rel}","templated":true}]}}