{"id":335,"date":"2012-04-01T10:27:33","date_gmt":"2012-04-01T10:27:33","guid":{"rendered":"http:\/\/www.ulusiada.pt\/clima\/?page_id=335"},"modified":"2012-05-02T17:30:53","modified_gmt":"2012-05-02T17:30:53","slug":"lei-do-foro","status":"publish","type":"page","link":"https:\/\/www.ulusiada.pt\/clima\/ius-proprium-leis-gerais\/d-afonso-ii\/lei-do-foro\/","title":{"rendered":"Lei do foro"},"content":{"rendered":"<p>Lei que\u00a0imp\u00f5e que os cl\u00e9rigos respondam perante o seu bispo nos feitos criminais e eclesi\u00e1sticos.<\/p>\n","protected":false},"excerpt":{"rendered":"<p>Lei que\u00a0imp\u00f5e que os cl\u00e9rigos respondam perante o seu bispo nos feitos criminais e eclesi\u00e1sticos.<\/p>\n","protected":false},"author":1,"featured_media":0,"parent":78,"menu_order":13,"comment_status":"closed","ping_status":"open","template":"lei-page.php","meta":[],"acf":[],"_links":{"self":[{"href":"https:\/\/www.ulusiada.pt\/clima\/wp-json\/wp\/v2\/pages\/335"}],"collection":[{"href":"https:\/\/www.ulusiada.pt\/clima\/wp-json\/wp\/v2\/pages"}],"about":[{"href":"https:\/\/www.ulusiada.pt\/clima\/wp-json\/wp\/v2\/types\/page"}],"author":[{"embeddable":true,"href":"https:\/\/www.ulusiada.pt\/clima\/wp-json\/wp\/v2\/users\/1"}],"replies":[{"embeddable":true,"href":"https:\/\/www.ulusiada.pt\/clima\/wp-json\/wp\/v2\/comments?post=335"}],"version-history":[{"count":2,"href":"https:\/\/www.ulusiada.pt\/clima\/wp-json\/wp\/v2\/pages\/335\/revisions"}],"predecessor-version":[{"id":1114,"href":"https:\/\/www.ulusiada.pt\/clima\/wp-json\/wp\/v2\/pages\/335\/revisions\/1114"}],"up":[{"embeddable":true,"href":"https:\/\/www.ulusiada.pt\/clima\/wp-json\/wp\/v2\/pages\/78"}],"wp:attachment":[{"href":"https:\/\/www.ulusiada.pt\/clima\/wp-json\/wp\/v2\/media?parent=335"}],"curies":[{"name":"wp","href":"https:\/\/api.w.org\/{rel}","templated":true}]}}