{"id":3351,"date":"2013-08-01T18:15:22","date_gmt":"2013-08-01T18:15:22","guid":{"rendered":"http:\/\/www.ulusiada.pt\/clima\/?page_id=3351"},"modified":"2013-08-01T18:15:22","modified_gmt":"2013-08-01T18:15:22","slug":"lei-da-validade-dos-pleitos","status":"publish","type":"page","link":"https:\/\/www.ulusiada.pt\/clima\/ius-proprium-leis-gerais\/d-afonso-iii\/lei-da-validade-dos-pleitos\/","title":{"rendered":"Lei da validade dos pleitos"},"content":{"rendered":"<p>Lei da validade dos pleitos, <em>v. g.<\/em>, que n\u00e3o valham os que forem feitos em pris\u00e3o, por for\u00e7a ou por medo, contra Direito, por menores de catorze anos e sandeus.<\/p>\n","protected":false},"excerpt":{"rendered":"<p>Lei da validade dos pleitos, v. g., que n\u00e3o valham os que forem feitos em pris\u00e3o, por for\u00e7a ou por medo, contra Direito, por menores de catorze anos e sandeus.<\/p>\n","protected":false},"author":1,"featured_media":0,"parent":91,"menu_order":96,"comment_status":"closed","ping_status":"open","template":"lei-page.php","meta":[],"acf":[],"_links":{"self":[{"href":"https:\/\/www.ulusiada.pt\/clima\/wp-json\/wp\/v2\/pages\/3351"}],"collection":[{"href":"https:\/\/www.ulusiada.pt\/clima\/wp-json\/wp\/v2\/pages"}],"about":[{"href":"https:\/\/www.ulusiada.pt\/clima\/wp-json\/wp\/v2\/types\/page"}],"author":[{"embeddable":true,"href":"https:\/\/www.ulusiada.pt\/clima\/wp-json\/wp\/v2\/users\/1"}],"replies":[{"embeddable":true,"href":"https:\/\/www.ulusiada.pt\/clima\/wp-json\/wp\/v2\/comments?post=3351"}],"version-history":[{"count":2,"href":"https:\/\/www.ulusiada.pt\/clima\/wp-json\/wp\/v2\/pages\/3351\/revisions"}],"predecessor-version":[{"id":3353,"href":"https:\/\/www.ulusiada.pt\/clima\/wp-json\/wp\/v2\/pages\/3351\/revisions\/3353"}],"up":[{"embeddable":true,"href":"https:\/\/www.ulusiada.pt\/clima\/wp-json\/wp\/v2\/pages\/91"}],"wp:attachment":[{"href":"https:\/\/www.ulusiada.pt\/clima\/wp-json\/wp\/v2\/media?parent=3351"}],"curies":[{"name":"wp","href":"https:\/\/api.w.org\/{rel}","templated":true}]}}