{"id":3357,"date":"2013-08-01T18:30:15","date_gmt":"2013-08-01T18:30:15","guid":{"rendered":"http:\/\/www.ulusiada.pt\/clima\/?page_id=3357"},"modified":"2013-08-01T18:30:15","modified_gmt":"2013-08-01T18:30:15","slug":"lei-dos-juizes-arbitros","status":"publish","type":"page","link":"https:\/\/www.ulusiada.pt\/clima\/ius-proprium-leis-gerais\/d-afonso-iii\/lei-dos-juizes-arbitros\/","title":{"rendered":"Lei dos ju\u00edzes \u00e1rbitros"},"content":{"rendered":"<p>Lei sobre os ju\u00edzes \u00e1rbitros que as partes elegem e do que pertence ao seu of\u00edcio.<\/p>\n","protected":false},"excerpt":{"rendered":"<p>Lei sobre os ju\u00edzes \u00e1rbitros que as partes elegem e do que pertence ao seu of\u00edcio.<\/p>\n","protected":false},"author":1,"featured_media":0,"parent":91,"menu_order":98,"comment_status":"closed","ping_status":"open","template":"lei-page.php","meta":[],"acf":[],"_links":{"self":[{"href":"https:\/\/www.ulusiada.pt\/clima\/wp-json\/wp\/v2\/pages\/3357"}],"collection":[{"href":"https:\/\/www.ulusiada.pt\/clima\/wp-json\/wp\/v2\/pages"}],"about":[{"href":"https:\/\/www.ulusiada.pt\/clima\/wp-json\/wp\/v2\/types\/page"}],"author":[{"embeddable":true,"href":"https:\/\/www.ulusiada.pt\/clima\/wp-json\/wp\/v2\/users\/1"}],"replies":[{"embeddable":true,"href":"https:\/\/www.ulusiada.pt\/clima\/wp-json\/wp\/v2\/comments?post=3357"}],"version-history":[{"count":2,"href":"https:\/\/www.ulusiada.pt\/clima\/wp-json\/wp\/v2\/pages\/3357\/revisions"}],"predecessor-version":[{"id":3359,"href":"https:\/\/www.ulusiada.pt\/clima\/wp-json\/wp\/v2\/pages\/3357\/revisions\/3359"}],"up":[{"embeddable":true,"href":"https:\/\/www.ulusiada.pt\/clima\/wp-json\/wp\/v2\/pages\/91"}],"wp:attachment":[{"href":"https:\/\/www.ulusiada.pt\/clima\/wp-json\/wp\/v2\/media?parent=3357"}],"curies":[{"name":"wp","href":"https:\/\/api.w.org\/{rel}","templated":true}]}}