{"id":3371,"date":"2013-08-02T09:23:23","date_gmt":"2013-08-02T09:23:23","guid":{"rendered":"http:\/\/www.ulusiada.pt\/clima\/?page_id=3371"},"modified":"2013-08-02T09:23:23","modified_gmt":"2013-08-02T09:23:23","slug":"lei-do-foro-eclesiastico","status":"publish","type":"page","link":"https:\/\/www.ulusiada.pt\/clima\/ius-proprium-leis-gerais\/d-afonso-iii\/lei-do-foro-eclesiastico\/","title":{"rendered":"Lei do foro eclesi\u00e1stico"},"content":{"rendered":"<p>Lei que o cl\u00e9rigo possa responder, por coimas, perante o juiz eclesi\u00e1stico.<\/p>\n","protected":false},"excerpt":{"rendered":"<p>Lei que o cl\u00e9rigo possa responder, por coimas, perante o juiz eclesi\u00e1stico.<\/p>\n","protected":false},"author":1,"featured_media":0,"parent":91,"menu_order":102,"comment_status":"closed","ping_status":"open","template":"lei-page.php","meta":[],"acf":[],"_links":{"self":[{"href":"https:\/\/www.ulusiada.pt\/clima\/wp-json\/wp\/v2\/pages\/3371"}],"collection":[{"href":"https:\/\/www.ulusiada.pt\/clima\/wp-json\/wp\/v2\/pages"}],"about":[{"href":"https:\/\/www.ulusiada.pt\/clima\/wp-json\/wp\/v2\/types\/page"}],"author":[{"embeddable":true,"href":"https:\/\/www.ulusiada.pt\/clima\/wp-json\/wp\/v2\/users\/1"}],"replies":[{"embeddable":true,"href":"https:\/\/www.ulusiada.pt\/clima\/wp-json\/wp\/v2\/comments?post=3371"}],"version-history":[{"count":2,"href":"https:\/\/www.ulusiada.pt\/clima\/wp-json\/wp\/v2\/pages\/3371\/revisions"}],"predecessor-version":[{"id":3373,"href":"https:\/\/www.ulusiada.pt\/clima\/wp-json\/wp\/v2\/pages\/3371\/revisions\/3373"}],"up":[{"embeddable":true,"href":"https:\/\/www.ulusiada.pt\/clima\/wp-json\/wp\/v2\/pages\/91"}],"wp:attachment":[{"href":"https:\/\/www.ulusiada.pt\/clima\/wp-json\/wp\/v2\/media?parent=3371"}],"curies":[{"name":"wp","href":"https:\/\/api.w.org\/{rel}","templated":true}]}}