{"id":3379,"date":"2013-08-02T09:36:19","date_gmt":"2013-08-02T09:36:19","guid":{"rendered":"http:\/\/www.ulusiada.pt\/clima\/?page_id=3379"},"modified":"2013-08-02T09:36:19","modified_gmt":"2013-08-02T09:36:19","slug":"lei-dos-tabeliaes-e-mordomos","status":"publish","type":"page","link":"https:\/\/www.ulusiada.pt\/clima\/ius-proprium-leis-gerais\/d-afonso-iii\/lei-dos-tabeliaes-e-mordomos\/","title":{"rendered":"Lei dos tabeli\u00e3es e mordomos"},"content":{"rendered":"<p>Lei que estabelece que tabeli\u00e3es e mordomos fa\u00e7am direito perante os seus ju\u00edzes.<\/p>\n","protected":false},"excerpt":{"rendered":"<p>Lei que estabelece que tabeli\u00e3es e mordomos fa\u00e7am direito perante os seus ju\u00edzes.<\/p>\n","protected":false},"author":1,"featured_media":0,"parent":91,"menu_order":104,"comment_status":"closed","ping_status":"open","template":"lei-page.php","meta":[],"acf":[],"_links":{"self":[{"href":"https:\/\/www.ulusiada.pt\/clima\/wp-json\/wp\/v2\/pages\/3379"}],"collection":[{"href":"https:\/\/www.ulusiada.pt\/clima\/wp-json\/wp\/v2\/pages"}],"about":[{"href":"https:\/\/www.ulusiada.pt\/clima\/wp-json\/wp\/v2\/types\/page"}],"author":[{"embeddable":true,"href":"https:\/\/www.ulusiada.pt\/clima\/wp-json\/wp\/v2\/users\/1"}],"replies":[{"embeddable":true,"href":"https:\/\/www.ulusiada.pt\/clima\/wp-json\/wp\/v2\/comments?post=3379"}],"version-history":[{"count":2,"href":"https:\/\/www.ulusiada.pt\/clima\/wp-json\/wp\/v2\/pages\/3379\/revisions"}],"predecessor-version":[{"id":3381,"href":"https:\/\/www.ulusiada.pt\/clima\/wp-json\/wp\/v2\/pages\/3379\/revisions\/3381"}],"up":[{"embeddable":true,"href":"https:\/\/www.ulusiada.pt\/clima\/wp-json\/wp\/v2\/pages\/91"}],"wp:attachment":[{"href":"https:\/\/www.ulusiada.pt\/clima\/wp-json\/wp\/v2\/media?parent=3379"}],"curies":[{"name":"wp","href":"https:\/\/api.w.org\/{rel}","templated":true}]}}