{"id":3392,"date":"2013-08-02T10:00:11","date_gmt":"2013-08-02T10:00:11","guid":{"rendered":"http:\/\/www.ulusiada.pt\/clima\/?page_id=3392"},"modified":"2013-08-02T10:00:11","modified_gmt":"2013-08-02T10:00:11","slug":"lei-sobre-constituicao-de-procurador","status":"publish","type":"page","link":"https:\/\/www.ulusiada.pt\/clima\/ius-proprium-leis-gerais\/d-afonso-iii\/lei-sobre-constituicao-de-procurador\/","title":{"rendered":"Lei sobre constitui\u00e7\u00e3o de procurador"},"content":{"rendered":"<p>Lei sobre as formalidades para a constitui\u00e7\u00e3o de procurador, nomeadamente, sobre aqueles que podem estabelecer procurador e o conteudo da procua\u00e7\u00e3o.<\/p>\n","protected":false},"excerpt":{"rendered":"<p>Lei sobre as formalidades para a constitui\u00e7\u00e3o de procurador, nomeadamente, sobre aqueles que podem estabelecer procurador e o conteudo da procua\u00e7\u00e3o.<\/p>\n","protected":false},"author":1,"featured_media":0,"parent":91,"menu_order":107,"comment_status":"closed","ping_status":"open","template":"lei-page.php","meta":[],"acf":[],"_links":{"self":[{"href":"https:\/\/www.ulusiada.pt\/clima\/wp-json\/wp\/v2\/pages\/3392"}],"collection":[{"href":"https:\/\/www.ulusiada.pt\/clima\/wp-json\/wp\/v2\/pages"}],"about":[{"href":"https:\/\/www.ulusiada.pt\/clima\/wp-json\/wp\/v2\/types\/page"}],"author":[{"embeddable":true,"href":"https:\/\/www.ulusiada.pt\/clima\/wp-json\/wp\/v2\/users\/1"}],"replies":[{"embeddable":true,"href":"https:\/\/www.ulusiada.pt\/clima\/wp-json\/wp\/v2\/comments?post=3392"}],"version-history":[{"count":2,"href":"https:\/\/www.ulusiada.pt\/clima\/wp-json\/wp\/v2\/pages\/3392\/revisions"}],"predecessor-version":[{"id":3394,"href":"https:\/\/www.ulusiada.pt\/clima\/wp-json\/wp\/v2\/pages\/3392\/revisions\/3394"}],"up":[{"embeddable":true,"href":"https:\/\/www.ulusiada.pt\/clima\/wp-json\/wp\/v2\/pages\/91"}],"wp:attachment":[{"href":"https:\/\/www.ulusiada.pt\/clima\/wp-json\/wp\/v2\/media?parent=3392"}],"curies":[{"name":"wp","href":"https:\/\/api.w.org\/{rel}","templated":true}]}}