{"id":3405,"date":"2013-08-02T10:26:48","date_gmt":"2013-08-02T10:26:48","guid":{"rendered":"http:\/\/www.ulusiada.pt\/clima\/?page_id=3405"},"modified":"2013-09-21T14:04:40","modified_gmt":"2013-09-21T14:04:40","slug":"canone-do-momento-de-revogacao-do-procurador","status":"publish","type":"page","link":"https:\/\/www.ulusiada.pt\/clima\/ius-proprium-costumes-e-estilos-da-corte\/costumes-do-reino\/canone-do-momento-de-revogacao-do-procurador\/","title":{"rendered":"C\u00e2none do momento de revoga\u00e7\u00e3o do procurador"},"content":{"rendered":"<p>C\u00e2none (<em>O dereyto canonico diz<\/em>)\u00a0que define, de forma distinta ao preceituado no Direito can\u00f3nico, at\u00e9 que momento se pode revogar o procurador: <em>&#8220;O dereyto canonico diz que se alguum procurador en alguum preyto que ante que o preyto seia contestado que lo pode toller fazendoo saber aa parte contra quen o faz ou ao juyz que o preyto ouue. E despoys que o preyto contestado non lo pode toller senon en joyzo per alguma razon guisada porque ficaria desfamado o procurador. E \u00e9 de custume que lo pode toller ante ou despoys&#8221;<\/em>.<\/p>\n","protected":false},"excerpt":{"rendered":"<p>C\u00e2none (O dereyto canonico diz)\u00a0que define, de forma distinta ao preceituado no Direito can\u00f3nico, at\u00e9 que momento se pode revogar o procurador: &#8220;O dereyto canonico diz que se alguum procurador en alguum preyto que ante que o preyto seia contestado &hellip; <a href=\"https:\/\/www.ulusiada.pt\/clima\/ius-proprium-costumes-e-estilos-da-corte\/costumes-do-reino\/canone-do-momento-de-revogacao-do-procurador\/\">Continuar a ler <span class=\"meta-nav\">&rarr;<\/span><\/a><\/p>\n","protected":false},"author":1,"featured_media":0,"parent":4186,"menu_order":0,"comment_status":"closed","ping_status":"open","template":"lei-page.php","meta":[],"acf":[],"_links":{"self":[{"href":"https:\/\/www.ulusiada.pt\/clima\/wp-json\/wp\/v2\/pages\/3405"}],"collection":[{"href":"https:\/\/www.ulusiada.pt\/clima\/wp-json\/wp\/v2\/pages"}],"about":[{"href":"https:\/\/www.ulusiada.pt\/clima\/wp-json\/wp\/v2\/types\/page"}],"author":[{"embeddable":true,"href":"https:\/\/www.ulusiada.pt\/clima\/wp-json\/wp\/v2\/users\/1"}],"replies":[{"embeddable":true,"href":"https:\/\/www.ulusiada.pt\/clima\/wp-json\/wp\/v2\/comments?post=3405"}],"version-history":[{"count":7,"href":"https:\/\/www.ulusiada.pt\/clima\/wp-json\/wp\/v2\/pages\/3405\/revisions"}],"predecessor-version":[{"id":3407,"href":"https:\/\/www.ulusiada.pt\/clima\/wp-json\/wp\/v2\/pages\/3405\/revisions\/3407"}],"up":[{"embeddable":true,"href":"https:\/\/www.ulusiada.pt\/clima\/wp-json\/wp\/v2\/pages\/4186"}],"wp:attachment":[{"href":"https:\/\/www.ulusiada.pt\/clima\/wp-json\/wp\/v2\/media?parent=3405"}],"curies":[{"name":"wp","href":"https:\/\/api.w.org\/{rel}","templated":true}]}}