{"id":3408,"date":"2013-08-02T10:51:11","date_gmt":"2013-08-02T10:51:11","guid":{"rendered":"http:\/\/www.ulusiada.pt\/clima\/?page_id=3408"},"modified":"2013-09-16T10:26:32","modified_gmt":"2013-09-16T10:26:32","slug":"estilo-da-corte-da-nomeacao-de-procuradores","status":"publish","type":"page","link":"https:\/\/www.ulusiada.pt\/clima\/ius-proprium-costumes-e-estilos-da-corte\/tribunal-da-corte\/estilo-da-corte-da-nomeacao-de-procuradores\/","title":{"rendered":"Estilo da corte da nomea\u00e7\u00e3o de procuradores"},"content":{"rendered":"<p>Estilo da corte (<em>Costume he en casa delRey<\/em>)\u00a0que permite a uma das partes estabelecer o seu procurador ante o juiz sem a presen\u00e7a do advers\u00e1rio; no entanto, a nomea\u00e7\u00e3o perante o sobrejuiz j\u00e1 pressup\u00f5e a presen\u00e7a da parte contr\u00e1ria.<\/p>\n","protected":false},"excerpt":{"rendered":"<p>Estilo da corte (Costume he en casa delRey)\u00a0que permite a uma das partes estabelecer o seu procurador ante o juiz sem a presen\u00e7a do advers\u00e1rio; no entanto, a nomea\u00e7\u00e3o perante o sobrejuiz j\u00e1 pressup\u00f5e a presen\u00e7a da parte contr\u00e1ria.<\/p>\n","protected":false},"author":1,"featured_media":0,"parent":4184,"menu_order":0,"comment_status":"closed","ping_status":"open","template":"lei-page.php","meta":[],"acf":[],"_links":{"self":[{"href":"https:\/\/www.ulusiada.pt\/clima\/wp-json\/wp\/v2\/pages\/3408"}],"collection":[{"href":"https:\/\/www.ulusiada.pt\/clima\/wp-json\/wp\/v2\/pages"}],"about":[{"href":"https:\/\/www.ulusiada.pt\/clima\/wp-json\/wp\/v2\/types\/page"}],"author":[{"embeddable":true,"href":"https:\/\/www.ulusiada.pt\/clima\/wp-json\/wp\/v2\/users\/1"}],"replies":[{"embeddable":true,"href":"https:\/\/www.ulusiada.pt\/clima\/wp-json\/wp\/v2\/comments?post=3408"}],"version-history":[{"count":5,"href":"https:\/\/www.ulusiada.pt\/clima\/wp-json\/wp\/v2\/pages\/3408\/revisions"}],"predecessor-version":[{"id":3410,"href":"https:\/\/www.ulusiada.pt\/clima\/wp-json\/wp\/v2\/pages\/3408\/revisions\/3410"}],"up":[{"embeddable":true,"href":"https:\/\/www.ulusiada.pt\/clima\/wp-json\/wp\/v2\/pages\/4184"}],"wp:attachment":[{"href":"https:\/\/www.ulusiada.pt\/clima\/wp-json\/wp\/v2\/media?parent=3408"}],"curies":[{"name":"wp","href":"https:\/\/api.w.org\/{rel}","templated":true}]}}