{"id":342,"date":"2012-04-01T10:40:45","date_gmt":"2012-04-01T10:40:45","guid":{"rendered":"http:\/\/www.ulusiada.pt\/clima\/?page_id=342"},"modified":"2012-05-02T17:31:58","modified_gmt":"2012-05-02T17:31:58","slug":"privilegios-da-igreja","status":"publish","type":"page","link":"https:\/\/www.ulusiada.pt\/clima\/ius-proprium-leis-gerais\/d-afonso-ii\/privilegios-da-igreja\/","title":{"rendered":"Privil\u00e9gios da Igreja"},"content":{"rendered":"<p>Lei dos privil\u00e9gios e isen\u00e7\u00f5es dos mosteiros e igrejas, para que n\u00e3o sejam constrangidos ao pagamento de colheitas e rendas, a trabalhar nos muros e torres dos castelos e prestar servi\u00e7os de atalaia.<\/p>\n","protected":false},"excerpt":{"rendered":"<p>Lei dos privil\u00e9gios e isen\u00e7\u00f5es dos mosteiros e igrejas, para que n\u00e3o sejam constrangidos ao pagamento de colheitas e rendas, a trabalhar nos muros e torres dos castelos e prestar servi\u00e7os de atalaia.<\/p>\n","protected":false},"author":1,"featured_media":0,"parent":78,"menu_order":15,"comment_status":"closed","ping_status":"open","template":"lei-page.php","meta":[],"acf":[],"_links":{"self":[{"href":"https:\/\/www.ulusiada.pt\/clima\/wp-json\/wp\/v2\/pages\/342"}],"collection":[{"href":"https:\/\/www.ulusiada.pt\/clima\/wp-json\/wp\/v2\/pages"}],"about":[{"href":"https:\/\/www.ulusiada.pt\/clima\/wp-json\/wp\/v2\/types\/page"}],"author":[{"embeddable":true,"href":"https:\/\/www.ulusiada.pt\/clima\/wp-json\/wp\/v2\/users\/1"}],"replies":[{"embeddable":true,"href":"https:\/\/www.ulusiada.pt\/clima\/wp-json\/wp\/v2\/comments?post=342"}],"version-history":[{"count":2,"href":"https:\/\/www.ulusiada.pt\/clima\/wp-json\/wp\/v2\/pages\/342\/revisions"}],"predecessor-version":[{"id":1118,"href":"https:\/\/www.ulusiada.pt\/clima\/wp-json\/wp\/v2\/pages\/342\/revisions\/1118"}],"up":[{"embeddable":true,"href":"https:\/\/www.ulusiada.pt\/clima\/wp-json\/wp\/v2\/pages\/78"}],"wp:attachment":[{"href":"https:\/\/www.ulusiada.pt\/clima\/wp-json\/wp\/v2\/media?parent=342"}],"curies":[{"name":"wp","href":"https:\/\/api.w.org\/{rel}","templated":true}]}}