{"id":3425,"date":"2013-08-02T11:51:47","date_gmt":"2013-08-02T11:51:47","guid":{"rendered":"http:\/\/www.ulusiada.pt\/clima\/?page_id=3425"},"modified":"2013-09-16T10:31:12","modified_gmt":"2013-09-16T10:31:12","slug":"estilo-da-corte-contra-as-delongas-dos-mordomos","status":"publish","type":"page","link":"https:\/\/www.ulusiada.pt\/clima\/ius-proprium-costumes-e-estilos-da-corte\/tribunal-da-corte\/estilo-da-corte-contra-as-delongas-dos-mordomos\/","title":{"rendered":"Estilo da corte contra as delongas dos mordomos"},"content":{"rendered":"<p>Estilo da corte\u00a0(<em>Consselho he do juiz e do vogado<\/em>)\u00a0impondo que o mordomo n\u00e3o delongue demasiado o pleito, sob pena de absolvi\u00e7\u00e3o do que foi chamado \u00e0 demanda.<\/p>\n","protected":false},"excerpt":{"rendered":"<p>Estilo da corte\u00a0(Consselho he do juiz e do vogado)\u00a0impondo que o mordomo n\u00e3o delongue demasiado o pleito, sob pena de absolvi\u00e7\u00e3o do que foi chamado \u00e0 demanda.<\/p>\n","protected":false},"author":1,"featured_media":0,"parent":4184,"menu_order":0,"comment_status":"closed","ping_status":"open","template":"lei-page.php","meta":[],"acf":[],"_links":{"self":[{"href":"https:\/\/www.ulusiada.pt\/clima\/wp-json\/wp\/v2\/pages\/3425"}],"collection":[{"href":"https:\/\/www.ulusiada.pt\/clima\/wp-json\/wp\/v2\/pages"}],"about":[{"href":"https:\/\/www.ulusiada.pt\/clima\/wp-json\/wp\/v2\/types\/page"}],"author":[{"embeddable":true,"href":"https:\/\/www.ulusiada.pt\/clima\/wp-json\/wp\/v2\/users\/1"}],"replies":[{"embeddable":true,"href":"https:\/\/www.ulusiada.pt\/clima\/wp-json\/wp\/v2\/comments?post=3425"}],"version-history":[{"count":5,"href":"https:\/\/www.ulusiada.pt\/clima\/wp-json\/wp\/v2\/pages\/3425\/revisions"}],"predecessor-version":[{"id":3427,"href":"https:\/\/www.ulusiada.pt\/clima\/wp-json\/wp\/v2\/pages\/3425\/revisions\/3427"}],"up":[{"embeddable":true,"href":"https:\/\/www.ulusiada.pt\/clima\/wp-json\/wp\/v2\/pages\/4184"}],"wp:attachment":[{"href":"https:\/\/www.ulusiada.pt\/clima\/wp-json\/wp\/v2\/media?parent=3425"}],"curies":[{"name":"wp","href":"https:\/\/api.w.org\/{rel}","templated":true}]}}